{"id":14022,"date":"2022-09-01T15:25:39","date_gmt":"2022-09-01T13:25:39","guid":{"rendered":"https:\/\/blashaus.ch\/necks\/"},"modified":"2022-11-23T11:10:26","modified_gmt":"2022-11-23T10:10:26","slug":"necks","status":"publish","type":"page","link":"https:\/\/blashaus.ch\/en\/necks\/","title":{"rendered":"Necks"},"content":{"rendered":"<div data-elementor-type=\"wp-page\" data-elementor-id=\"14022\" class=\"elementor elementor-14022\" data-elementor-settings=\"{&quot;element_pack_global_tooltip_width&quot;:{&quot;unit&quot;:&quot;px&quot;,&quot;size&quot;:&quot;&quot;,&quot;sizes&quot;:[]},&quot;element_pack_global_tooltip_width_tablet&quot;:{&quot;unit&quot;:&quot;px&quot;,&quot;size&quot;:&quot;&quot;,&quot;sizes&quot;:[]},&quot;element_pack_global_tooltip_width_mobile&quot;:{&quot;unit&quot;:&quot;px&quot;,&quot;size&quot;:&quot;&quot;,&quot;sizes&quot;:[]},&quot;element_pack_global_tooltip_padding&quot;:{&quot;unit&quot;:&quot;px&quot;,&quot;top&quot;:&quot;&quot;,&quot;right&quot;:&quot;&quot;,&quot;bottom&quot;:&quot;&quot;,&quot;left&quot;:&quot;&quot;,&quot;isLinked&quot;:true},&quot;element_pack_global_tooltip_padding_tablet&quot;:{&quot;unit&quot;:&quot;px&quot;,&quot;top&quot;:&quot;&quot;,&quot;right&quot;:&quot;&quot;,&quot;bottom&quot;:&quot;&quot;,&quot;left&quot;:&quot;&quot;,&quot;isLinked&quot;:true},&quot;element_pack_global_tooltip_padding_mobile&quot;:{&quot;unit&quot;:&quot;px&quot;,&quot;top&quot;:&quot;&quot;,&quot;right&quot;:&quot;&quot;,&quot;bottom&quot;:&quot;&quot;,&quot;left&quot;:&quot;&quot;,&quot;isLinked&quot;:true},&quot;element_pack_global_tooltip_border_radius&quot;:{&quot;unit&quot;:&quot;px&quot;,&quot;top&quot;:&quot;&quot;,&quot;right&quot;:&quot;&quot;,&quot;bottom&quot;:&quot;&quot;,&quot;left&quot;:&quot;&quot;,&quot;isLinked&quot;:true},&quot;element_pack_global_tooltip_border_radius_tablet&quot;:{&quot;unit&quot;:&quot;px&quot;,&quot;top&quot;:&quot;&quot;,&quot;right&quot;:&quot;&quot;,&quot;bottom&quot;:&quot;&quot;,&quot;left&quot;:&quot;&quot;,&quot;isLinked&quot;:true},&quot;element_pack_global_tooltip_border_radius_mobile&quot;:{&quot;unit&quot;:&quot;px&quot;,&quot;top&quot;:&quot;&quot;,&quot;right&quot;:&quot;&quot;,&quot;bottom&quot;:&quot;&quot;,&quot;left&quot;:&quot;&quot;,&quot;isLinked&quot;:true}}\" data-elementor-post-type=\"page\">\n\t\t\t\t\t\t<section class=\"elementor-section elementor-top-section elementor-element elementor-element-30a09c11 elementor-section-full_width elementor-section-height-default elementor-section-height-default\" data-id=\"30a09c11\" data-element_type=\"section\" data-e-type=\"section\">\n\t\t\t\t\t\t<div class=\"elementor-container elementor-column-gap-default\">\n\t\t\t\t\t<div class=\"elementor-column elementor-col-100 elementor-top-column elementor-element elementor-element-5fceea22 elementor-invisible\" data-id=\"5fceea22\" data-element_type=\"column\" data-e-type=\"column\" data-settings=\"{&quot;animation&quot;:&quot;fadeInUp&quot;,&quot;animation_mobile&quot;:&quot;none&quot;}\">\n\t\t\t<div class=\"elementor-widget-wrap elementor-element-populated\">\n\t\t\t\t\t\t<div class=\"elementor-element elementor-element-21942dbe elementor-widget elementor-widget-heading\" data-id=\"21942dbe\" data-element_type=\"widget\" data-e-type=\"widget\" data-widget_type=\"heading.default\">\n\t\t\t\t<div class=\"elementor-widget-container\">\n\t\t\t\t\t<h2 class=\"elementor-heading-title elementor-size-default\"><h2 data-elementor-setting-key=\"title\" data-pen-placeholder=\"Type Here...\" style=\"font-family: Univers, sans-serif;font-weight: var( --e-global-typography-primary-font-weight );line-height: var( --e-global-typography-primary-line-height );font-size: var( --e-global-typography-primary-font-size );text-transform: var( --e-global-typography-primary-text-transform );letter-spacing: var( --e-global-typography-primary-letter-spacing )\">BASS CLARINET NECK<\/h2><\/h2>\t\t\t\t<\/div>\n\t\t\t\t<\/div>\n\t\t\t\t<div class=\"elementor-element elementor-element-3b993e98 elementor-widget elementor-widget-text-editor\" data-id=\"3b993e98\" data-element_type=\"widget\" data-e-type=\"widget\" data-widget_type=\"text-editor.default\">\n\t\t\t\t<div class=\"elementor-widget-container\">\n\t\t\t\t\t\t\t\t\tFor twenty years, BLASHAUS has been intensively involved with bass clarinets. <br>Unfortunately, despite the wonderful sound, the bass clarinet is often covered up in the overall ensemble sound. For this reason, we have developed our own bass clarinet necks in recent years, which are stiffened and have more mass. The continuous S-bow tubes, the precision-calibrated bows and the thicker walls allow for a much better energy flow compared to previous models. \t\t\t\t\t\t\t\t<\/div>\n\t\t\t\t<\/div>\n\t\t\t\t\t<\/div>\n\t\t<\/div>\n\t\t\t\t\t<\/div>\n\t\t<\/section>\n\t\t\t\t<section class=\"elementor-section elementor-top-section elementor-element elementor-element-11bc0548 elementor-section-full_width elementor-section-height-default elementor-section-height-default elementor-invisible\" data-id=\"11bc0548\" data-element_type=\"section\" data-e-type=\"section\" data-settings=\"{&quot;animation&quot;:&quot;fadeInUp&quot;,&quot;animation_mobile&quot;:&quot;none&quot;}\">\n\t\t\t\t\t\t<div class=\"elementor-container elementor-column-gap-default\">\n\t\t\t\t\t<div class=\"elementor-column elementor-col-50 elementor-top-column elementor-element elementor-element-66126161\" data-id=\"66126161\" data-element_type=\"column\" data-e-type=\"column\">\n\t\t\t<div class=\"elementor-widget-wrap elementor-element-populated\">\n\t\t\t\t\t\t<div class=\"elementor-element elementor-element-b74ba10 elementor-widget elementor-widget-image\" data-id=\"b74ba10\" data-element_type=\"widget\" data-e-type=\"widget\" data-widget_type=\"image.default\">\n\t\t\t\t<div class=\"elementor-widget-container\">\n\t\t\t\t\t\t\t\t\t\t\t\t\t\t\t<img fetchpriority=\"high\" decoding=\"async\" width=\"800\" height=\"600\" src=\"https:\/\/blashaus.ch\/wp-content\/uploads\/L1160702-1024x768.jpg\" class=\"attachment-large size-large wp-image-16276\" alt=\"\" srcset=\"https:\/\/blashaus.ch\/wp-content\/uploads\/L1160702-1024x768.jpg 1024w, https:\/\/blashaus.ch\/wp-content\/uploads\/L1160702-300x225.jpg 300w, https:\/\/blashaus.ch\/wp-content\/uploads\/L1160702-768x576.jpg 768w, https:\/\/blashaus.ch\/wp-content\/uploads\/L1160702-1536x1152.jpg 1536w, https:\/\/blashaus.ch\/wp-content\/uploads\/L1160702-2048x1536.jpg 2048w, https:\/\/blashaus.ch\/wp-content\/uploads\/L1160702-600x450.jpg 600w, https:\/\/blashaus.ch\/wp-content\/uploads\/L1160702-scaled.jpg 1600w\" sizes=\"(max-width: 800px) 100vw, 800px\" \/>\t\t\t\t\t\t\t\t\t\t\t\t\t\t\t<\/div>\n\t\t\t\t<\/div>\n\t\t\t\t\t<\/div>\n\t\t<\/div>\n\t\t\t\t<div class=\"elementor-column elementor-col-50 elementor-top-column elementor-element elementor-element-f5dae0e\" data-id=\"f5dae0e\" data-element_type=\"column\" data-e-type=\"column\">\n\t\t\t<div class=\"elementor-widget-wrap elementor-element-populated\">\n\t\t\t\t\t\t<div class=\"elementor-element elementor-element-7d20cf39 elementor-widget elementor-widget-heading\" data-id=\"7d20cf39\" data-element_type=\"widget\" data-e-type=\"widget\" data-widget_type=\"heading.default\">\n\t\t\t\t<div class=\"elementor-widget-container\">\n\t\t\t\t\t<h2 class=\"elementor-heading-title elementor-size-default\">BCH3 HEAVY SELMER STEEP ANGLE GOLD<\/h2>\t\t\t\t<\/div>\n\t\t\t\t<\/div>\n\t\t\t\t<div class=\"elementor-element elementor-element-158a4660 elementor-widget elementor-widget-text-editor\" data-id=\"158a4660\" data-element_type=\"widget\" data-e-type=\"widget\" data-widget_type=\"text-editor.default\">\n\t\t\t\t<div class=\"elementor-widget-container\">\n\t\t\t\t\t\t\t\t\tOur bass clarinet necks allow the player to deliver the energy more directly and quickly into the instrument. You can increase the blowing pressure and have a guided playing feeling. The acoustic effect is a sound that is even more present, fatter, more focused and that carries better in the room. With this model, the embouchure angle is as steep as with the original Buffet Prestige model and therefore very comfortable to play sitting down. \t\t\t\t\t\t\t\t<\/div>\n\t\t\t\t<\/div>\n\t\t\t\t<div data-dce-background-color=\"#333333\" class=\"elementor-element elementor-element-34ebceef elementor-align-left elementor-tablet-align-right elementor-widget elementor-widget-button\" data-id=\"34ebceef\" data-element_type=\"widget\" data-e-type=\"widget\" data-widget_type=\"button.default\">\n\t\t\t\t<div class=\"elementor-widget-container\">\n\t\t\t\t\t\t\t\t\t<div class=\"elementor-button-wrapper\">\n\t\t\t\t\t<a class=\"elementor-button elementor-button-link elementor-size-sm elementor-animation-shrink\" href=\"https:\/\/blashaus.ch\/en\/shop\/\">\n\t\t\t\t\t\t<span class=\"elementor-button-content-wrapper\">\n\t\t\t\t\t\t\t\t\t<span class=\"elementor-button-text\">Shop<\/span>\n\t\t\t\t\t<\/span>\n\t\t\t\t\t<\/a>\n\t\t\t\t<\/div>\n\t\t\t\t\t\t\t\t<\/div>\n\t\t\t\t<\/div>\n\t\t\t\t\t<\/div>\n\t\t<\/div>\n\t\t\t\t\t<\/div>\n\t\t<\/section>\n\t\t\t\t<section class=\"elementor-section elementor-top-section elementor-element elementor-element-53c3346c elementor-section-full_width elementor-reverse-tablet elementor-reverse-mobile elementor-section-height-default elementor-section-height-default elementor-invisible\" data-id=\"53c3346c\" data-element_type=\"section\" data-e-type=\"section\" data-settings=\"{&quot;animation&quot;:&quot;fadeInUp&quot;,&quot;animation_mobile&quot;:&quot;none&quot;}\">\n\t\t\t\t\t\t<div class=\"elementor-container elementor-column-gap-default\">\n\t\t\t\t\t<div class=\"elementor-column elementor-col-50 elementor-top-column elementor-element elementor-element-613234ad\" data-id=\"613234ad\" data-element_type=\"column\" data-e-type=\"column\">\n\t\t\t<div class=\"elementor-widget-wrap elementor-element-populated\">\n\t\t\t\t\t\t<div class=\"elementor-element elementor-element-794065f6 elementor-widget elementor-widget-heading\" data-id=\"794065f6\" data-element_type=\"widget\" data-e-type=\"widget\" data-widget_type=\"heading.default\">\n\t\t\t\t<div class=\"elementor-widget-container\">\n\t\t\t\t\t<h2 class=\"elementor-heading-title elementor-size-default\">BCH3 HEAVY SELMER REGULAR ANGLE GOLD<\/h2>\t\t\t\t<\/div>\n\t\t\t\t<\/div>\n\t\t\t\t<div class=\"elementor-element elementor-element-5d58a8e elementor-widget elementor-widget-text-editor\" data-id=\"5d58a8e\" data-element_type=\"widget\" data-e-type=\"widget\" data-widget_type=\"text-editor.default\">\n\t\t\t\t<div class=\"elementor-widget-container\">\n\t\t\t\t\t\t\t\t\tOur bass clarinet necks allow the player to deliver the energy more directly and quickly into the instrument. You can increase the blowing pressure and have a guided playing feeling. The acoustic effect is a sound that is even more present, fatter, more focused and that carries better in the room. The angle of this model corresponds to the current open Selmer S-bow, which is recommended for soloists who play standing up.\t\t\t\t\t\t\t\t<\/div>\n\t\t\t\t<\/div>\n\t\t\t\t<div data-dce-background-color=\"#333333\" class=\"elementor-element elementor-element-794dcdf6 elementor-align-left elementor-tablet-align-right elementor-widget elementor-widget-button\" data-id=\"794dcdf6\" data-element_type=\"widget\" data-e-type=\"widget\" data-widget_type=\"button.default\">\n\t\t\t\t<div class=\"elementor-widget-container\">\n\t\t\t\t\t\t\t\t\t<div class=\"elementor-button-wrapper\">\n\t\t\t\t\t<a class=\"elementor-button elementor-button-link elementor-size-sm elementor-animation-shrink\" href=\"https:\/\/blashaus.ch\/en\/shop\/\">\n\t\t\t\t\t\t<span class=\"elementor-button-content-wrapper\">\n\t\t\t\t\t\t\t\t\t<span class=\"elementor-button-text\">Shop<\/span>\n\t\t\t\t\t<\/span>\n\t\t\t\t\t<\/a>\n\t\t\t\t<\/div>\n\t\t\t\t\t\t\t\t<\/div>\n\t\t\t\t<\/div>\n\t\t\t\t\t<\/div>\n\t\t<\/div>\n\t\t\t\t<div class=\"elementor-column elementor-col-50 elementor-top-column elementor-element elementor-element-2ca3247\" data-id=\"2ca3247\" data-element_type=\"column\" data-e-type=\"column\">\n\t\t\t<div class=\"elementor-widget-wrap elementor-element-populated\">\n\t\t\t\t\t\t<div class=\"elementor-element elementor-element-60038045 elementor-widget elementor-widget-image\" data-id=\"60038045\" data-element_type=\"widget\" data-e-type=\"widget\" data-widget_type=\"image.default\">\n\t\t\t\t<div class=\"elementor-widget-container\">\n\t\t\t\t\t\t\t\t\t\t\t\t\t\t\t<img decoding=\"async\" width=\"800\" height=\"600\" src=\"https:\/\/blashaus.ch\/wp-content\/uploads\/L1160697-1024x768.jpg\" class=\"attachment-large size-large wp-image-16272\" alt=\"\" srcset=\"https:\/\/blashaus.ch\/wp-content\/uploads\/L1160697-1024x768.jpg 1024w, https:\/\/blashaus.ch\/wp-content\/uploads\/L1160697-300x225.jpg 300w, https:\/\/blashaus.ch\/wp-content\/uploads\/L1160697-768x576.jpg 768w, https:\/\/blashaus.ch\/wp-content\/uploads\/L1160697-1536x1152.jpg 1536w, https:\/\/blashaus.ch\/wp-content\/uploads\/L1160697-2048x1536.jpg 2048w, https:\/\/blashaus.ch\/wp-content\/uploads\/L1160697-600x450.jpg 600w, https:\/\/blashaus.ch\/wp-content\/uploads\/L1160697-scaled.jpg 1600w\" sizes=\"(max-width: 800px) 100vw, 800px\" \/>\t\t\t\t\t\t\t\t\t\t\t\t\t\t\t<\/div>\n\t\t\t\t<\/div>\n\t\t\t\t\t<\/div>\n\t\t<\/div>\n\t\t\t\t\t<\/div>\n\t\t<\/section>\n\t\t\t\t<section class=\"elementor-section elementor-top-section elementor-element elementor-element-144473dc elementor-section-full_width elementor-section-height-default elementor-section-height-default elementor-invisible\" data-id=\"144473dc\" data-element_type=\"section\" data-e-type=\"section\" data-settings=\"{&quot;animation&quot;:&quot;fadeInUp&quot;,&quot;animation_mobile&quot;:&quot;none&quot;}\">\n\t\t\t\t\t\t<div class=\"elementor-container elementor-column-gap-default\">\n\t\t\t\t\t<div class=\"elementor-column elementor-col-50 elementor-top-column elementor-element elementor-element-44cdfb76\" data-id=\"44cdfb76\" data-element_type=\"column\" data-e-type=\"column\">\n\t\t\t<div class=\"elementor-widget-wrap elementor-element-populated\">\n\t\t\t\t\t\t<div class=\"elementor-element elementor-element-a6a4189 elementor-widget elementor-widget-image\" data-id=\"a6a4189\" data-element_type=\"widget\" data-e-type=\"widget\" data-widget_type=\"image.default\">\n\t\t\t\t<div class=\"elementor-widget-container\">\n\t\t\t\t\t\t\t\t\t\t\t\t\t\t\t<img decoding=\"async\" width=\"800\" height=\"600\" src=\"https:\/\/blashaus.ch\/wp-content\/uploads\/L1160701-1024x768.jpg\" class=\"attachment-large size-large wp-image-16274\" alt=\"\" srcset=\"https:\/\/blashaus.ch\/wp-content\/uploads\/L1160701-1024x768.jpg 1024w, https:\/\/blashaus.ch\/wp-content\/uploads\/L1160701-300x225.jpg 300w, https:\/\/blashaus.ch\/wp-content\/uploads\/L1160701-768x576.jpg 768w, https:\/\/blashaus.ch\/wp-content\/uploads\/L1160701-1536x1152.jpg 1536w, https:\/\/blashaus.ch\/wp-content\/uploads\/L1160701-2048x1536.jpg 2048w, https:\/\/blashaus.ch\/wp-content\/uploads\/L1160701-600x450.jpg 600w, https:\/\/blashaus.ch\/wp-content\/uploads\/L1160701-scaled.jpg 1600w\" sizes=\"(max-width: 800px) 100vw, 800px\" \/>\t\t\t\t\t\t\t\t\t\t\t\t\t\t\t<\/div>\n\t\t\t\t<\/div>\n\t\t\t\t\t<\/div>\n\t\t<\/div>\n\t\t\t\t<div class=\"elementor-column elementor-col-50 elementor-top-column elementor-element elementor-element-cff52dc\" data-id=\"cff52dc\" data-element_type=\"column\" data-e-type=\"column\">\n\t\t\t<div class=\"elementor-widget-wrap elementor-element-populated\">\n\t\t\t\t\t\t<div class=\"elementor-element elementor-element-652d573f elementor-widget elementor-widget-heading\" data-id=\"652d573f\" data-element_type=\"widget\" data-e-type=\"widget\" data-widget_type=\"heading.default\">\n\t\t\t\t<div class=\"elementor-widget-container\">\n\t\t\t\t\t<h2 class=\"elementor-heading-title elementor-size-default\">BCH3 HEAVY BUFFET STEEP ANGLE GOLD<\/h2>\t\t\t\t<\/div>\n\t\t\t\t<\/div>\n\t\t\t\t<div class=\"elementor-element elementor-element-1084af23 elementor-widget elementor-widget-text-editor\" data-id=\"1084af23\" data-element_type=\"widget\" data-e-type=\"widget\" data-widget_type=\"text-editor.default\">\n\t\t\t\t<div class=\"elementor-widget-container\">\n\t\t\t\t\t\t\t\t\tOur bass clarinet necks allow the player to deliver the energy more directly and quickly into the instrument. You can increase the blowing pressure and have a guided playing feeling. The acoustic effect is a sound that is even more present, fatter, more focused and that carries better in the room.\t\t\t\t\t\t\t\t<\/div>\n\t\t\t\t<\/div>\n\t\t\t\t<div data-dce-background-color=\"#333333\" class=\"elementor-element elementor-element-6f0bae64 elementor-align-left elementor-tablet-align-right elementor-widget elementor-widget-button\" data-id=\"6f0bae64\" data-element_type=\"widget\" data-e-type=\"widget\" data-widget_type=\"button.default\">\n\t\t\t\t<div class=\"elementor-widget-container\">\n\t\t\t\t\t\t\t\t\t<div class=\"elementor-button-wrapper\">\n\t\t\t\t\t<a class=\"elementor-button elementor-button-link elementor-size-sm elementor-animation-shrink\" href=\"https:\/\/blashaus.ch\/en\/shop\/\">\n\t\t\t\t\t\t<span class=\"elementor-button-content-wrapper\">\n\t\t\t\t\t\t\t\t\t<span class=\"elementor-button-text\">Shop<\/span>\n\t\t\t\t\t<\/span>\n\t\t\t\t\t<\/a>\n\t\t\t\t<\/div>\n\t\t\t\t\t\t\t\t<\/div>\n\t\t\t\t<\/div>\n\t\t\t\t\t<\/div>\n\t\t<\/div>\n\t\t\t\t\t<\/div>\n\t\t<\/section>\n\t\t\t\t<section class=\"elementor-section elementor-top-section elementor-element elementor-element-618d22cd elementor-section-full_width elementor-reverse-tablet elementor-reverse-mobile elementor-section-height-default elementor-section-height-default elementor-invisible\" data-id=\"618d22cd\" data-element_type=\"section\" data-e-type=\"section\" data-settings=\"{&quot;animation&quot;:&quot;fadeInUp&quot;,&quot;animation_mobile&quot;:&quot;none&quot;}\">\n\t\t\t\t\t\t<div class=\"elementor-container elementor-column-gap-default\">\n\t\t\t\t\t<div class=\"elementor-column elementor-col-50 elementor-top-column elementor-element elementor-element-6b7104\" data-id=\"6b7104\" data-element_type=\"column\" data-e-type=\"column\">\n\t\t\t<div class=\"elementor-widget-wrap elementor-element-populated\">\n\t\t\t\t\t\t<div class=\"elementor-element elementor-element-db59b20 elementor-widget elementor-widget-heading\" data-id=\"db59b20\" data-element_type=\"widget\" data-e-type=\"widget\" data-widget_type=\"heading.default\">\n\t\t\t\t<div class=\"elementor-widget-container\">\n\t\t\t\t\t<h2 class=\"elementor-heading-title elementor-size-default\">BCH3 HEAVY TOSCA STEEP ANGLE GOLD<\/h2>\t\t\t\t<\/div>\n\t\t\t\t<\/div>\n\t\t\t\t<div class=\"elementor-element elementor-element-10d1aadd elementor-widget elementor-widget-text-editor\" data-id=\"10d1aadd\" data-element_type=\"widget\" data-e-type=\"widget\" data-widget_type=\"text-editor.default\">\n\t\t\t\t<div class=\"elementor-widget-container\">\n\t\t\t\t\t\t\t\t\t<p>Our bass clarinet neck for the Tosca by Buffet is an absolutely audible tuning. We have given this neck a specially developed overblowing sleeve, which allows the instrument to intonate better and more pleasantly.<\/p>\t\t\t\t\t\t\t\t<\/div>\n\t\t\t\t<\/div>\n\t\t\t\t<div data-dce-background-color=\"#333333\" class=\"elementor-element elementor-element-14e5ae7f elementor-align-left elementor-tablet-align-right elementor-widget elementor-widget-button\" data-id=\"14e5ae7f\" data-element_type=\"widget\" data-e-type=\"widget\" data-widget_type=\"button.default\">\n\t\t\t\t<div class=\"elementor-widget-container\">\n\t\t\t\t\t\t\t\t\t<div class=\"elementor-button-wrapper\">\n\t\t\t\t\t<a class=\"elementor-button elementor-button-link elementor-size-sm elementor-animation-shrink\" href=\"https:\/\/blashaus.ch\/en\/shop\/\">\n\t\t\t\t\t\t<span class=\"elementor-button-content-wrapper\">\n\t\t\t\t\t\t\t\t\t<span class=\"elementor-button-text\">Shop<\/span>\n\t\t\t\t\t<\/span>\n\t\t\t\t\t<\/a>\n\t\t\t\t<\/div>\n\t\t\t\t\t\t\t\t<\/div>\n\t\t\t\t<\/div>\n\t\t\t\t\t<\/div>\n\t\t<\/div>\n\t\t\t\t<div class=\"elementor-column elementor-col-50 elementor-top-column elementor-element elementor-element-612db419\" data-id=\"612db419\" data-element_type=\"column\" data-e-type=\"column\">\n\t\t\t<div class=\"elementor-widget-wrap elementor-element-populated\">\n\t\t\t\t\t\t<div class=\"elementor-element elementor-element-9640fb9 elementor-widget elementor-widget-image\" data-id=\"9640fb9\" data-element_type=\"widget\" data-e-type=\"widget\" data-widget_type=\"image.default\">\n\t\t\t\t<div class=\"elementor-widget-container\">\n\t\t\t\t\t\t\t\t\t\t\t\t\t\t\t<img loading=\"lazy\" decoding=\"async\" width=\"800\" height=\"600\" src=\"https:\/\/blashaus.ch\/wp-content\/uploads\/L1160879-1024x768.jpg\" class=\"attachment-large size-large wp-image-16284\" alt=\"\" srcset=\"https:\/\/blashaus.ch\/wp-content\/uploads\/L1160879-1024x768.jpg 1024w, https:\/\/blashaus.ch\/wp-content\/uploads\/L1160879-300x225.jpg 300w, https:\/\/blashaus.ch\/wp-content\/uploads\/L1160879-768x576.jpg 768w, https:\/\/blashaus.ch\/wp-content\/uploads\/L1160879-1536x1152.jpg 1536w, https:\/\/blashaus.ch\/wp-content\/uploads\/L1160879-2048x1536.jpg 2048w, https:\/\/blashaus.ch\/wp-content\/uploads\/L1160879-600x450.jpg 600w, https:\/\/blashaus.ch\/wp-content\/uploads\/L1160879-scaled.jpg 1600w\" sizes=\"(max-width: 800px) 100vw, 800px\" \/>\t\t\t\t\t\t\t\t\t\t\t\t\t\t\t<\/div>\n\t\t\t\t<\/div>\n\t\t\t\t\t<\/div>\n\t\t<\/div>\n\t\t\t\t\t<\/div>\n\t\t<\/section>\n\t\t\t\t<\/div>","protected":false},"excerpt":{"rendered":"<p>BASSKLARINETTEN-HALS Seit zwanzig Jahren besch\u00e4ftigt sich das BLASHAUS intensiv mit Bassklarinetten. Leider wird trotz des wunderbaren Klangs, die Bassklarinette oft im Ensemble-Gesamtklang zugedeckt. Aus diesem Grund haben wir in den letzten Jahren unseren eigenen Bassklarinetten-H\u00e4lse entwickelt, die versteift sind und mehr Masse besitzen. Die durchgehenden S-Bogen-Rohre, die pr\u00e4zisions-kalibrierten Rohrb\u00f6gen und die dickere Wandst\u00e4rke erm\u00f6glicht den [&hellip;]<\/p>\n","protected":false},"author":57,"featured_media":0,"parent":0,"menu_order":0,"comment_status":"closed","ping_status":"closed","template":"","meta":{"_acf_changed":false,"footnotes":""},"class_list":["post-14022","page","type-page","status-publish","hentry"],"acf":[],"_links":{"self":[{"href":"https:\/\/blashaus.ch\/en\/wp-json\/wp\/v2\/pages\/14022","targetHints":{"allow":["GET"]}}],"collection":[{"href":"https:\/\/blashaus.ch\/en\/wp-json\/wp\/v2\/pages"}],"about":[{"href":"https:\/\/blashaus.ch\/en\/wp-json\/wp\/v2\/types\/page"}],"author":[{"embeddable":true,"href":"https:\/\/blashaus.ch\/en\/wp-json\/wp\/v2\/users\/57"}],"replies":[{"embeddable":true,"href":"https:\/\/blashaus.ch\/en\/wp-json\/wp\/v2\/comments?post=14022"}],"version-history":[{"count":0,"href":"https:\/\/blashaus.ch\/en\/wp-json\/wp\/v2\/pages\/14022\/revisions"}],"wp:attachment":[{"href":"https:\/\/blashaus.ch\/en\/wp-json\/wp\/v2\/media?parent=14022"}],"curies":[{"name":"wp","href":"https:\/\/api.w.org\/{rel}","templated":true}]}}