{"id":14312,"date":"2022-09-01T15:31:52","date_gmt":"2022-09-01T13:31:52","guid":{"rendered":"https:\/\/blashaus.ch\/dienstleistungen\/"},"modified":"2024-07-25T15:21:54","modified_gmt":"2024-07-25T13:21:54","slug":"services","status":"publish","type":"page","link":"https:\/\/blashaus.ch\/en\/dienstleistungen\/","title":{"rendered":"Services"},"content":{"rendered":"<div data-elementor-type=\"wp-page\" data-elementor-id=\"14312\" class=\"elementor elementor-14312\" data-elementor-settings=\"{&quot;element_pack_global_tooltip_width&quot;:{&quot;unit&quot;:&quot;px&quot;,&quot;size&quot;:&quot;&quot;,&quot;sizes&quot;:[]},&quot;element_pack_global_tooltip_width_tablet&quot;:{&quot;unit&quot;:&quot;px&quot;,&quot;size&quot;:&quot;&quot;,&quot;sizes&quot;:[]},&quot;element_pack_global_tooltip_width_mobile&quot;:{&quot;unit&quot;:&quot;px&quot;,&quot;size&quot;:&quot;&quot;,&quot;sizes&quot;:[]},&quot;element_pack_global_tooltip_padding&quot;:{&quot;unit&quot;:&quot;px&quot;,&quot;top&quot;:&quot;&quot;,&quot;right&quot;:&quot;&quot;,&quot;bottom&quot;:&quot;&quot;,&quot;left&quot;:&quot;&quot;,&quot;isLinked&quot;:true},&quot;element_pack_global_tooltip_padding_tablet&quot;:{&quot;unit&quot;:&quot;px&quot;,&quot;top&quot;:&quot;&quot;,&quot;right&quot;:&quot;&quot;,&quot;bottom&quot;:&quot;&quot;,&quot;left&quot;:&quot;&quot;,&quot;isLinked&quot;:true},&quot;element_pack_global_tooltip_padding_mobile&quot;:{&quot;unit&quot;:&quot;px&quot;,&quot;top&quot;:&quot;&quot;,&quot;right&quot;:&quot;&quot;,&quot;bottom&quot;:&quot;&quot;,&quot;left&quot;:&quot;&quot;,&quot;isLinked&quot;:true},&quot;element_pack_global_tooltip_border_radius&quot;:{&quot;unit&quot;:&quot;px&quot;,&quot;top&quot;:&quot;&quot;,&quot;right&quot;:&quot;&quot;,&quot;bottom&quot;:&quot;&quot;,&quot;left&quot;:&quot;&quot;,&quot;isLinked&quot;:true},&quot;element_pack_global_tooltip_border_radius_tablet&quot;:{&quot;unit&quot;:&quot;px&quot;,&quot;top&quot;:&quot;&quot;,&quot;right&quot;:&quot;&quot;,&quot;bottom&quot;:&quot;&quot;,&quot;left&quot;:&quot;&quot;,&quot;isLinked&quot;:true},&quot;element_pack_global_tooltip_border_radius_mobile&quot;:{&quot;unit&quot;:&quot;px&quot;,&quot;top&quot;:&quot;&quot;,&quot;right&quot;:&quot;&quot;,&quot;bottom&quot;:&quot;&quot;,&quot;left&quot;:&quot;&quot;,&quot;isLinked&quot;:true}}\" data-elementor-post-type=\"page\">\n\t\t\t\t\t\t<section class=\"elementor-section elementor-top-section elementor-element elementor-element-1f53b704 elementor-section-full_width elementor-section-height-min-height elementor-section-items-stretch elementor-section-height-default\" data-id=\"1f53b704\" data-element_type=\"section\" data-e-type=\"section\">\n\t\t\t\t\t\t<div class=\"elementor-container elementor-column-gap-default\">\n\t\t\t\t\t<div data-dce-background-image-url=\"https:\/\/blashaus.ch\/wp-content\/uploads\/WKC_5056-Kopie-scaled.jpg\" class=\"elementor-column elementor-col-100 elementor-top-column elementor-element elementor-element-4afed70b\" data-id=\"4afed70b\" data-element_type=\"column\" data-e-type=\"column\" data-settings=\"{&quot;background_background&quot;:&quot;classic&quot;}\">\n\t\t\t<div class=\"elementor-widget-wrap elementor-element-populated\">\n\t\t\t\t\t\t<div class=\"elementor-element elementor-element-1707b624 elementor-widget elementor-widget-spacer\" data-id=\"1707b624\" data-element_type=\"widget\" data-e-type=\"widget\" data-widget_type=\"spacer.default\">\n\t\t\t\t<div class=\"elementor-widget-container\">\n\t\t\t\t\t\t\t<div class=\"elementor-spacer\">\n\t\t\t<div class=\"elementor-spacer-inner\"><\/div>\n\t\t<\/div>\n\t\t\t\t\t\t<\/div>\n\t\t\t\t<\/div>\n\t\t\t\t\t<\/div>\n\t\t<\/div>\n\t\t\t\t\t<\/div>\n\t\t<\/section>\n\t\t\t\t<section class=\"elementor-section elementor-top-section elementor-element elementor-element-1956257 elementor-section-full_width elementor-section-height-default elementor-section-height-default elementor-invisible\" data-id=\"1956257\" data-element_type=\"section\" data-e-type=\"section\" data-settings=\"{&quot;animation&quot;:&quot;fadeInUp&quot;}\">\n\t\t\t\t\t\t<div class=\"elementor-container elementor-column-gap-default\">\n\t\t\t\t\t<div class=\"elementor-column elementor-col-100 elementor-top-column elementor-element elementor-element-559085d\" data-id=\"559085d\" data-element_type=\"column\" data-e-type=\"column\" data-settings=\"{&quot;background_background&quot;:&quot;classic&quot;}\">\n\t\t\t<div class=\"elementor-widget-wrap elementor-element-populated\">\n\t\t\t\t\t\t<div class=\"elementor-element elementor-element-8eb8a05 elementor-widget elementor-widget-heading\" data-id=\"8eb8a05\" data-element_type=\"widget\" data-e-type=\"widget\" data-widget_type=\"heading.default\">\n\t\t\t\t<div class=\"elementor-widget-container\">\n\t\t\t\t\t<h1 class=\"elementor-heading-title elementor-size-default\">The specialist workshop for woodwind and brass instruments<\/h1>\t\t\t\t<\/div>\n\t\t\t\t<\/div>\n\t\t\t\t<div class=\"elementor-element elementor-element-6b23179 elementor-widget elementor-widget-text-editor\" data-id=\"6b23179\" data-element_type=\"widget\" data-e-type=\"widget\" data-widget_type=\"text-editor.default\">\n\t\t\t\t<div class=\"elementor-widget-container\">\n\t\t\t\t\t\t\t\t\t<p>For more than 30 years, the Blashaus has been offering a comprehensive service in its own workshop. It's no wonder that our team knows a thing or two about tooting and blowing. With great expertise and sensitivity, we carry out overhauls of woodwind and brass instruments so that your instrument is in top form for the next event thanks to us.<\/p>\t\t\t\t\t\t\t\t<\/div>\n\t\t\t\t<\/div>\n\t\t\t\t\t<\/div>\n\t\t<\/div>\n\t\t\t\t\t<\/div>\n\t\t<\/section>\n\t\t\t\t<section class=\"elementor-section elementor-top-section elementor-element elementor-element-12d0f4d2 elementor-section-full_width elementor-section-height-default elementor-section-height-default elementor-invisible\" data-id=\"12d0f4d2\" data-element_type=\"section\" data-e-type=\"section\" data-settings=\"{&quot;animation&quot;:&quot;fadeInUp&quot;,&quot;animation_mobile&quot;:&quot;none&quot;}\">\n\t\t\t\t\t\t<div class=\"elementor-container elementor-column-gap-default\">\n\t\t\t\t\t<div class=\"elementor-column elementor-col-50 elementor-top-column elementor-element elementor-element-b34dd24\" data-id=\"b34dd24\" data-element_type=\"column\" data-e-type=\"column\">\n\t\t\t<div class=\"elementor-widget-wrap elementor-element-populated\">\n\t\t\t\t\t\t<div class=\"elementor-element elementor-element-6e0cfec2 elementor-widget elementor-widget-image\" data-id=\"6e0cfec2\" data-element_type=\"widget\" data-e-type=\"widget\" data-widget_type=\"image.default\">\n\t\t\t\t<div class=\"elementor-widget-container\">\n\t\t\t\t\t\t\t\t\t\t\t\t\t\t\t<img fetchpriority=\"high\" decoding=\"async\" width=\"800\" height=\"588\" src=\"https:\/\/blashaus.ch\/wp-content\/uploads\/blashaus_werkstatt_fuer_blasinstrumente_luzern_zug_zentralschweiz_4863-1024x753.jpg\" class=\"attachment-large size-large wp-image-3016\" alt=\"\" srcset=\"https:\/\/blashaus.ch\/wp-content\/uploads\/blashaus_werkstatt_fuer_blasinstrumente_luzern_zug_zentralschweiz_4863-1024x753.jpg 1024w, https:\/\/blashaus.ch\/wp-content\/uploads\/blashaus_werkstatt_fuer_blasinstrumente_luzern_zug_zentralschweiz_4863-600x441.jpg 600w, https:\/\/blashaus.ch\/wp-content\/uploads\/blashaus_werkstatt_fuer_blasinstrumente_luzern_zug_zentralschweiz_4863-300x221.jpg 300w, https:\/\/blashaus.ch\/wp-content\/uploads\/blashaus_werkstatt_fuer_blasinstrumente_luzern_zug_zentralschweiz_4863-768x565.jpg 768w, https:\/\/blashaus.ch\/wp-content\/uploads\/blashaus_werkstatt_fuer_blasinstrumente_luzern_zug_zentralschweiz_4863.jpg 1600w\" sizes=\"(max-width: 800px) 100vw, 800px\" \/>\t\t\t\t\t\t\t\t\t\t\t\t\t\t\t<\/div>\n\t\t\t\t<\/div>\n\t\t\t\t\t<\/div>\n\t\t<\/div>\n\t\t\t\t<div class=\"elementor-column elementor-col-50 elementor-top-column elementor-element elementor-element-202a5787\" data-id=\"202a5787\" data-element_type=\"column\" data-e-type=\"column\">\n\t\t\t<div class=\"elementor-widget-wrap elementor-element-populated\">\n\t\t\t\t\t\t<div class=\"elementor-element elementor-element-7a6c466e elementor-widget elementor-widget-heading\" data-id=\"7a6c466e\" data-element_type=\"widget\" data-e-type=\"widget\" data-widget_type=\"heading.default\">\n\t\t\t\t<div class=\"elementor-widget-container\">\n\t\t\t\t\t<h2 class=\"elementor-heading-title elementor-size-default\">Workshop<\/h2>\t\t\t\t<\/div>\n\t\t\t\t<\/div>\n\t\t\t\t<div class=\"elementor-element elementor-element-1de3ffda elementor-widget elementor-widget-text-editor\" data-id=\"1de3ffda\" data-element_type=\"widget\" data-e-type=\"widget\" data-widget_type=\"text-editor.default\">\n\t\t\t\t<div class=\"elementor-widget-container\">\n\t\t\t\t\t\t\t\t\t<p>More than 30 years in our own workshop - that's a lot of experience in dealing with instruments, and so we can offer you a comprehensive service. Whether it's a revision, special production, repair or conversion, we are there for you, with the aim of perfecting your instrument and adapting it to you.<\/p>\t\t\t\t\t\t\t\t<\/div>\n\t\t\t\t<\/div>\n\t\t\t\t<div class=\"elementor-element elementor-element-8afce19 elementor-view-default elementor-widget elementor-widget-icon\" data-id=\"8afce19\" data-element_type=\"widget\" data-e-type=\"widget\" data-widget_type=\"icon.default\">\n\t\t\t\t<div class=\"elementor-widget-container\">\n\t\t\t\t\t\t\t<div class=\"elementor-icon-wrapper\">\n\t\t\t<a class=\"elementor-icon elementor-animation-shrink\" href=\"https:\/\/blashaus.ch\/en\/workshop\/\">\n\t\t\t<svg xmlns=\"http:\/\/www.w3.org\/2000\/svg\" width=\"73.965\" height=\"73.965\" viewbox=\"0 0 73.965 73.965\"><path id=\"square-arrow-right-light\" d=\"M41.49,51.267A2.641,2.641,0,0,0,37.755,55L49.1,66.341H18.491a2.623,2.623,0,0,0-2.642,2.493,2.685,2.685,0,0,0,2.642,2.79H49.1L37.76,82.965A2.641,2.641,0,0,0,41.495,86.7l15.85-15.85a2.761,2.761,0,0,0,.771-2.016,2.4,2.4,0,0,0-.774-1.867ZM63.4,32H10.566A10.566,10.566,0,0,0,0,42.566V95.4a10.566,10.566,0,0,0,10.566,10.566H63.4A10.566,10.566,0,0,0,73.965,95.4V42.566A10.571,10.571,0,0,0,63.4,32Zm5.283,63.4a5.29,5.29,0,0,1-5.283,5.283H10.566A5.29,5.29,0,0,1,5.283,95.4V42.566a5.29,5.29,0,0,1,5.283-5.283H63.4a5.29,5.29,0,0,1,5.283,5.283Z\" transform=\"translate(0 -32)\" fill=\"#b89f60\"><\/path><\/svg>\t\t\t<\/a>\n\t\t<\/div>\n\t\t\t\t\t\t<\/div>\n\t\t\t\t<\/div>\n\t\t\t\t\t<\/div>\n\t\t<\/div>\n\t\t\t\t\t<\/div>\n\t\t<\/section>\n\t\t\t\t<section class=\"elementor-section elementor-top-section elementor-element elementor-element-3e6dc1c1 elementor-section-full_width elementor-reverse-tablet elementor-reverse-mobile elementor-section-height-default elementor-section-height-default elementor-invisible\" data-id=\"3e6dc1c1\" data-element_type=\"section\" data-e-type=\"section\" data-settings=\"{&quot;animation&quot;:&quot;fadeInUp&quot;,&quot;animation_mobile&quot;:&quot;none&quot;}\">\n\t\t\t\t\t\t<div class=\"elementor-container elementor-column-gap-default\">\n\t\t\t\t\t<div class=\"elementor-column elementor-col-50 elementor-top-column elementor-element elementor-element-69a85e2e\" data-id=\"69a85e2e\" data-element_type=\"column\" data-e-type=\"column\">\n\t\t\t<div class=\"elementor-widget-wrap elementor-element-populated\">\n\t\t\t\t\t\t<div class=\"elementor-element elementor-element-4bc96de7 elementor-widget elementor-widget-heading\" data-id=\"4bc96de7\" data-element_type=\"widget\" data-e-type=\"widget\" data-widget_type=\"heading.default\">\n\t\t\t\t<div class=\"elementor-widget-container\">\n\t\t\t\t\t<h2 class=\"elementor-heading-title elementor-size-default\"><span style=\"font-size: var( --e-global-typography-primary-font-size );font-weight: var( --e-global-typography-primary-font-weight );letter-spacing: var( --e-global-typography-primary-letter-spacing );text-transform: var( --e-global-typography-primary-text-transform );background-color: var( --e-global-color-primary )\">DO-IT-YOURSELF AND CONVERSION<\/span><\/h2>\t\t\t\t<\/div>\n\t\t\t\t<\/div>\n\t\t\t\t<div class=\"elementor-element elementor-element-573c6fae elementor-widget elementor-widget-text-editor\" data-id=\"573c6fae\" data-element_type=\"widget\" data-e-type=\"widget\" data-widget_type=\"text-editor.default\">\n\t\t\t\t<div class=\"elementor-widget-container\">\n\t\t\t\t\t\t\t\t\t<p>Music is when instrument and musician grow together, form a unit, understand each other almost blindly. This can be helped along structurally. We make precise ergonomic adjustments to your instrument according to your wishes.<\/p>\t\t\t\t\t\t\t\t<\/div>\n\t\t\t\t<\/div>\n\t\t\t\t<div class=\"elementor-element elementor-element-5bf3f623 elementor-view-default elementor-widget elementor-widget-icon\" data-id=\"5bf3f623\" data-element_type=\"widget\" data-e-type=\"widget\" data-widget_type=\"icon.default\">\n\t\t\t\t<div class=\"elementor-widget-container\">\n\t\t\t\t\t\t\t<div class=\"elementor-icon-wrapper\">\n\t\t\t<a class=\"elementor-icon elementor-animation-shrink\" href=\"https:\/\/blashaus.ch\/en\/self-build-and-convert\/\">\n\t\t\t<svg xmlns=\"http:\/\/www.w3.org\/2000\/svg\" width=\"73.965\" height=\"73.965\" viewbox=\"0 0 73.965 73.965\"><path id=\"square-arrow-right-light\" d=\"M41.49,51.267A2.641,2.641,0,0,0,37.755,55L49.1,66.341H18.491a2.623,2.623,0,0,0-2.642,2.493,2.685,2.685,0,0,0,2.642,2.79H49.1L37.76,82.965A2.641,2.641,0,0,0,41.495,86.7l15.85-15.85a2.761,2.761,0,0,0,.771-2.016,2.4,2.4,0,0,0-.774-1.867ZM63.4,32H10.566A10.566,10.566,0,0,0,0,42.566V95.4a10.566,10.566,0,0,0,10.566,10.566H63.4A10.566,10.566,0,0,0,73.965,95.4V42.566A10.571,10.571,0,0,0,63.4,32Zm5.283,63.4a5.29,5.29,0,0,1-5.283,5.283H10.566A5.29,5.29,0,0,1,5.283,95.4V42.566a5.29,5.29,0,0,1,5.283-5.283H63.4a5.29,5.29,0,0,1,5.283,5.283Z\" transform=\"translate(0 -32)\" fill=\"#b89f60\"><\/path><\/svg>\t\t\t<\/a>\n\t\t<\/div>\n\t\t\t\t\t\t<\/div>\n\t\t\t\t<\/div>\n\t\t\t\t\t<\/div>\n\t\t<\/div>\n\t\t\t\t<div class=\"elementor-column elementor-col-50 elementor-top-column elementor-element elementor-element-3b9f8a9c\" data-id=\"3b9f8a9c\" data-element_type=\"column\" data-e-type=\"column\">\n\t\t\t<div class=\"elementor-widget-wrap elementor-element-populated\">\n\t\t\t\t\t\t<div class=\"elementor-element elementor-element-77c5837b elementor-widget elementor-widget-image\" data-id=\"77c5837b\" data-element_type=\"widget\" data-e-type=\"widget\" data-widget_type=\"image.default\">\n\t\t\t\t<div class=\"elementor-widget-container\">\n\t\t\t\t\t\t\t\t\t\t\t\t\t\t\t<img decoding=\"async\" width=\"800\" height=\"534\" src=\"https:\/\/blashaus.ch\/wp-content\/uploads\/blashaus_werkstatt_fuer_blasinstrumente_luzern_zug_zentralschweiz_5127-1024x683.jpg\" class=\"attachment-large size-large wp-image-3027\" alt=\"\" srcset=\"https:\/\/blashaus.ch\/wp-content\/uploads\/blashaus_werkstatt_fuer_blasinstrumente_luzern_zug_zentralschweiz_5127-1024x683.jpg 1024w, https:\/\/blashaus.ch\/wp-content\/uploads\/blashaus_werkstatt_fuer_blasinstrumente_luzern_zug_zentralschweiz_5127-600x400.jpg 600w, https:\/\/blashaus.ch\/wp-content\/uploads\/blashaus_werkstatt_fuer_blasinstrumente_luzern_zug_zentralschweiz_5127-300x200.jpg 300w, https:\/\/blashaus.ch\/wp-content\/uploads\/blashaus_werkstatt_fuer_blasinstrumente_luzern_zug_zentralschweiz_5127-768x512.jpg 768w, https:\/\/blashaus.ch\/wp-content\/uploads\/blashaus_werkstatt_fuer_blasinstrumente_luzern_zug_zentralschweiz_5127.jpg 1600w\" sizes=\"(max-width: 800px) 100vw, 800px\" \/>\t\t\t\t\t\t\t\t\t\t\t\t\t\t\t<\/div>\n\t\t\t\t<\/div>\n\t\t\t\t\t<\/div>\n\t\t<\/div>\n\t\t\t\t\t<\/div>\n\t\t<\/section>\n\t\t\t\t<section class=\"elementor-section elementor-top-section elementor-element elementor-element-70c37479 elementor-section-full_width elementor-section-height-default elementor-section-height-default elementor-invisible\" data-id=\"70c37479\" data-element_type=\"section\" data-e-type=\"section\" data-settings=\"{&quot;animation&quot;:&quot;fadeInUp&quot;,&quot;animation_mobile&quot;:&quot;none&quot;}\">\n\t\t\t\t\t\t<div class=\"elementor-container elementor-column-gap-default\">\n\t\t\t\t\t<div class=\"elementor-column elementor-col-50 elementor-top-column elementor-element elementor-element-67109e63\" data-id=\"67109e63\" data-element_type=\"column\" data-e-type=\"column\">\n\t\t\t<div class=\"elementor-widget-wrap elementor-element-populated\">\n\t\t\t\t\t\t<div class=\"elementor-element elementor-element-46c7c6d1 elementor-widget elementor-widget-image\" data-id=\"46c7c6d1\" data-element_type=\"widget\" data-e-type=\"widget\" data-widget_type=\"image.default\">\n\t\t\t\t<div class=\"elementor-widget-container\">\n\t\t\t\t\t\t\t\t\t\t\t\t\t\t\t<img decoding=\"async\" width=\"800\" height=\"534\" src=\"https:\/\/blashaus.ch\/wp-content\/uploads\/blashaus_werkstatt_fuer_blasinstrumente_luzern_zug_zentralschweiz_5139-1024x683.jpg\" class=\"attachment-large size-large wp-image-3029\" alt=\"\" srcset=\"https:\/\/blashaus.ch\/wp-content\/uploads\/blashaus_werkstatt_fuer_blasinstrumente_luzern_zug_zentralschweiz_5139-1024x683.jpg 1024w, https:\/\/blashaus.ch\/wp-content\/uploads\/blashaus_werkstatt_fuer_blasinstrumente_luzern_zug_zentralschweiz_5139-600x400.jpg 600w, https:\/\/blashaus.ch\/wp-content\/uploads\/blashaus_werkstatt_fuer_blasinstrumente_luzern_zug_zentralschweiz_5139-300x200.jpg 300w, https:\/\/blashaus.ch\/wp-content\/uploads\/blashaus_werkstatt_fuer_blasinstrumente_luzern_zug_zentralschweiz_5139-768x512.jpg 768w, https:\/\/blashaus.ch\/wp-content\/uploads\/blashaus_werkstatt_fuer_blasinstrumente_luzern_zug_zentralschweiz_5139.jpg 1600w\" sizes=\"(max-width: 800px) 100vw, 800px\" \/>\t\t\t\t\t\t\t\t\t\t\t\t\t\t\t<\/div>\n\t\t\t\t<\/div>\n\t\t\t\t\t<\/div>\n\t\t<\/div>\n\t\t\t\t<div class=\"elementor-column elementor-col-50 elementor-top-column elementor-element elementor-element-c79b606\" data-id=\"c79b606\" data-element_type=\"column\" data-e-type=\"column\">\n\t\t\t<div class=\"elementor-widget-wrap elementor-element-populated\">\n\t\t\t\t\t\t<div class=\"elementor-element elementor-element-36f37961 elementor-widget elementor-widget-heading\" data-id=\"36f37961\" data-element_type=\"widget\" data-e-type=\"widget\" data-widget_type=\"heading.default\">\n\t\t\t\t<div class=\"elementor-widget-container\">\n\t\t\t\t\t<h2 class=\"elementor-heading-title elementor-size-default\">Purchase with right of return and instalment payment option<\/h2>\t\t\t\t<\/div>\n\t\t\t\t<\/div>\n\t\t\t\t<div class=\"elementor-element elementor-element-7ba8bd64 elementor-widget elementor-widget-text-editor\" data-id=\"7ba8bd64\" data-element_type=\"widget\" data-e-type=\"widget\" data-widget_type=\"text-editor.default\">\n\t\t\t\t<div class=\"elementor-widget-container\">\n\t\t\t\t\t\t\t\t\t<p><span style=\"letter-spacing: 0.1px;\">Do you need an instrument but are not yet 100% sure whether it is right for you?\u00a0<\/span><br style=\"letter-spacing: 0.1px;\" \/><span style=\"color: var( --e-global-color-text ); font-family: var( --e-global-typography-text-font-family ), Sans-serif; font-size: var( --e-global-typography-text-font-size ); font-weight: var( --e-global-typography-text-font-weight ); letter-spacing: var( --e-global-typography-text-letter-spacing ); background-color: var( --e-global-color-primary );\">In order to meet the different needs of our customers, we offer different options for purchasing an instrument.<\/span><\/p>\t\t\t\t\t\t\t\t<\/div>\n\t\t\t\t<\/div>\n\t\t\t\t<div class=\"elementor-element elementor-element-737ee13c elementor-view-default elementor-widget elementor-widget-icon\" data-id=\"737ee13c\" data-element_type=\"widget\" data-e-type=\"widget\" data-widget_type=\"icon.default\">\n\t\t\t\t<div class=\"elementor-widget-container\">\n\t\t\t\t\t\t\t<div class=\"elementor-icon-wrapper\">\n\t\t\t<a class=\"elementor-icon elementor-animation-shrink\" href=\"https:\/\/blashaus.ch\/en\/for-hire-2\/\">\n\t\t\t<svg xmlns=\"http:\/\/www.w3.org\/2000\/svg\" width=\"73.965\" height=\"73.965\" viewbox=\"0 0 73.965 73.965\"><path id=\"square-arrow-right-light\" d=\"M41.49,51.267A2.641,2.641,0,0,0,37.755,55L49.1,66.341H18.491a2.623,2.623,0,0,0-2.642,2.493,2.685,2.685,0,0,0,2.642,2.79H49.1L37.76,82.965A2.641,2.641,0,0,0,41.495,86.7l15.85-15.85a2.761,2.761,0,0,0,.771-2.016,2.4,2.4,0,0,0-.774-1.867ZM63.4,32H10.566A10.566,10.566,0,0,0,0,42.566V95.4a10.566,10.566,0,0,0,10.566,10.566H63.4A10.566,10.566,0,0,0,73.965,95.4V42.566A10.571,10.571,0,0,0,63.4,32Zm5.283,63.4a5.29,5.29,0,0,1-5.283,5.283H10.566A5.29,5.29,0,0,1,5.283,95.4V42.566a5.29,5.29,0,0,1,5.283-5.283H63.4a5.29,5.29,0,0,1,5.283,5.283Z\" transform=\"translate(0 -32)\" fill=\"#b89f60\"><\/path><\/svg>\t\t\t<\/a>\n\t\t<\/div>\n\t\t\t\t\t\t<\/div>\n\t\t\t\t<\/div>\n\t\t\t\t\t<\/div>\n\t\t<\/div>\n\t\t\t\t\t<\/div>\n\t\t<\/section>\n\t\t\t\t<section class=\"elementor-section elementor-top-section elementor-element elementor-element-14cc747c elementor-section-full_width elementor-section-height-min-height elementor-section-items-stretch elementor-section-height-default elementor-invisible\" data-id=\"14cc747c\" data-element_type=\"section\" data-e-type=\"section\" data-settings=\"{&quot;animation&quot;:&quot;fadeInUp&quot;,&quot;animation_mobile&quot;:&quot;none&quot;}\">\n\t\t\t\t\t\t<div class=\"elementor-container elementor-column-gap-default\">\n\t\t\t\t\t<div data-dce-background-image-url=\"https:\/\/blashaus.ch\/wp-content\/uploads\/blashaus_werkstatt_fuer_blasinstrumente_luzern_zug_zentralschweiz_5088.jpg\" class=\"elementor-column elementor-col-100 elementor-top-column elementor-element elementor-element-406137e0\" data-id=\"406137e0\" data-element_type=\"column\" data-e-type=\"column\" data-settings=\"{&quot;background_background&quot;:&quot;classic&quot;}\">\n\t\t\t<div class=\"elementor-widget-wrap elementor-element-populated\">\n\t\t\t\t\t\t<div class=\"elementor-element elementor-element-3b61a316 elementor-widget elementor-widget-spacer\" data-id=\"3b61a316\" data-element_type=\"widget\" data-e-type=\"widget\" data-widget_type=\"spacer.default\">\n\t\t\t\t<div class=\"elementor-widget-container\">\n\t\t\t\t\t\t\t<div class=\"elementor-spacer\">\n\t\t\t<div class=\"elementor-spacer-inner\"><\/div>\n\t\t<\/div>\n\t\t\t\t\t\t<\/div>\n\t\t\t\t<\/div>\n\t\t\t\t\t<\/div>\n\t\t<\/div>\n\t\t\t\t\t<\/div>\n\t\t<\/section>\n\t\t\t\t<section class=\"elementor-section elementor-top-section elementor-element elementor-element-572c34b elementor-section-full_width elementor-hidden-desktop elementor-hidden-tablet elementor-hidden-mobile elementor-section-height-default elementor-section-height-default elementor-invisible\" data-id=\"572c34b\" data-element_type=\"section\" data-e-type=\"section\" data-settings=\"{&quot;animation&quot;:&quot;fadeInUp&quot;,&quot;animation_tablet&quot;:&quot;fadeInUp&quot;,&quot;animation_mobile&quot;:&quot;none&quot;}\">\n\t\t\t\t\t\t<div class=\"elementor-container elementor-column-gap-default\">\n\t\t\t\t\t<div class=\"elementor-column elementor-col-100 elementor-top-column elementor-element elementor-element-6a93ddc3\" data-id=\"6a93ddc3\" data-element_type=\"column\" data-e-type=\"column\" data-settings=\"{&quot;background_background&quot;:&quot;classic&quot;}\">\n\t\t\t<div class=\"elementor-widget-wrap elementor-element-populated\">\n\t\t\t\t\t\t<div class=\"elementor-element elementor-element-4490fb5c elementor-widget elementor-widget-heading\" data-id=\"4490fb5c\" data-element_type=\"widget\" data-e-type=\"widget\" data-widget_type=\"heading.default\">\n\t\t\t\t<div class=\"elementor-widget-container\">\n\t\t\t\t\t<h2 class=\"elementor-heading-title elementor-size-default\">KNOWLEDGE<\/h2>\t\t\t\t<\/div>\n\t\t\t\t<\/div>\n\t\t\t\t<div class=\"elementor-element elementor-element-3bd2d58a elementor-widget elementor-widget-text-editor\" data-id=\"3bd2d58a\" data-element_type=\"widget\" data-e-type=\"widget\" data-widget_type=\"text-editor.default\">\n\t\t\t\t<div class=\"elementor-widget-container\">\n\t\t\t\t\t\t\t\t\t<p>Curious? Click here for more topics and info from the workshop...<\/p>\t\t\t\t\t\t\t\t<\/div>\n\t\t\t\t<\/div>\n\t\t\t\t<div class=\"elementor-element elementor-element-3245599f elementor-view-default elementor-widget elementor-widget-icon\" data-id=\"3245599f\" data-element_type=\"widget\" data-e-type=\"widget\" data-widget_type=\"icon.default\">\n\t\t\t\t<div class=\"elementor-widget-container\">\n\t\t\t\t\t\t\t<div class=\"elementor-icon-wrapper\">\n\t\t\t<div class=\"elementor-icon elementor-animation-shrink\">\n\t\t\t<svg xmlns=\"http:\/\/www.w3.org\/2000\/svg\" width=\"73.965\" height=\"73.965\" viewbox=\"0 0 73.965 73.965\"><path id=\"square-arrow-right-light\" d=\"M41.49,51.267A2.641,2.641,0,0,0,37.755,55L49.1,66.341H18.491a2.623,2.623,0,0,0-2.642,2.493,2.685,2.685,0,0,0,2.642,2.79H49.1L37.76,82.965A2.641,2.641,0,0,0,41.495,86.7l15.85-15.85a2.761,2.761,0,0,0,.771-2.016,2.4,2.4,0,0,0-.774-1.867ZM63.4,32H10.566A10.566,10.566,0,0,0,0,42.566V95.4a10.566,10.566,0,0,0,10.566,10.566H63.4A10.566,10.566,0,0,0,73.965,95.4V42.566A10.571,10.571,0,0,0,63.4,32Zm5.283,63.4a5.29,5.29,0,0,1-5.283,5.283H10.566A5.29,5.29,0,0,1,5.283,95.4V42.566a5.29,5.29,0,0,1,5.283-5.283H63.4a5.29,5.29,0,0,1,5.283,5.283Z\" transform=\"translate(0 -32)\" fill=\"#b89f60\"><\/path><\/svg>\t\t\t<\/div>\n\t\t<\/div>\n\t\t\t\t\t\t<\/div>\n\t\t\t\t<\/div>\n\t\t\t\t\t<\/div>\n\t\t<\/div>\n\t\t\t\t\t<\/div>\n\t\t<\/section>\n\t\t\t\t<\/div>","protected":false},"excerpt":{"rendered":"<p>Die Fach&shy;werk&shy;statt f\u00fcr Holz- und Blech&shy;blas&shy;instrumente Seit mehr als 30 Jahren bietet das Blashaus einen umfassenden Service in der eigenen Werkstatt an. Kein Wunder hat unser Team von Tuten und Blasen die allergr\u00f6sste Ahnung. Mit grossem Sachverstand und viel Feingef\u00fchl f\u00fchren wir Revisionen von Holzblasinstrumenten und Blechblasinstrumenten aus, damit Ihr Instrument dank uns beim n\u00e4chsten [&hellip;]<\/p>\n","protected":false},"author":57,"featured_media":0,"parent":0,"menu_order":0,"comment_status":"closed","ping_status":"closed","template":"","meta":{"_acf_changed":false,"footnotes":""},"class_list":["post-14312","page","type-page","status-publish","hentry"],"acf":[],"_links":{"self":[{"href":"https:\/\/blashaus.ch\/en\/wp-json\/wp\/v2\/pages\/14312","targetHints":{"allow":["GET"]}}],"collection":[{"href":"https:\/\/blashaus.ch\/en\/wp-json\/wp\/v2\/pages"}],"about":[{"href":"https:\/\/blashaus.ch\/en\/wp-json\/wp\/v2\/types\/page"}],"author":[{"embeddable":true,"href":"https:\/\/blashaus.ch\/en\/wp-json\/wp\/v2\/users\/57"}],"replies":[{"embeddable":true,"href":"https:\/\/blashaus.ch\/en\/wp-json\/wp\/v2\/comments?post=14312"}],"version-history":[{"count":3,"href":"https:\/\/blashaus.ch\/en\/wp-json\/wp\/v2\/pages\/14312\/revisions"}],"predecessor-version":[{"id":18788,"href":"https:\/\/blashaus.ch\/en\/wp-json\/wp\/v2\/pages\/14312\/revisions\/18788"}],"wp:attachment":[{"href":"https:\/\/blashaus.ch\/en\/wp-json\/wp\/v2\/media?parent=14312"}],"curies":[{"name":"wp","href":"https:\/\/api.w.org\/{rel}","templated":true}]}}