{"id":14422,"date":"2022-09-01T15:34:18","date_gmt":"2022-09-01T13:34:18","guid":{"rendered":"https:\/\/blashaus.ch\/klarinetten\/"},"modified":"2023-09-28T08:30:07","modified_gmt":"2023-09-28T06:30:07","slug":"clarinets","status":"publish","type":"page","link":"https:\/\/blashaus.ch\/en\/klarinetten\/","title":{"rendered":"Clarinets"},"content":{"rendered":"<div data-elementor-type=\"wp-page\" data-elementor-id=\"14422\" class=\"elementor elementor-14422\" data-elementor-settings=\"{&quot;element_pack_global_tooltip_width&quot;:{&quot;unit&quot;:&quot;px&quot;,&quot;size&quot;:&quot;&quot;,&quot;sizes&quot;:[]},&quot;element_pack_global_tooltip_width_tablet&quot;:{&quot;unit&quot;:&quot;px&quot;,&quot;size&quot;:&quot;&quot;,&quot;sizes&quot;:[]},&quot;element_pack_global_tooltip_width_mobile&quot;:{&quot;unit&quot;:&quot;px&quot;,&quot;size&quot;:&quot;&quot;,&quot;sizes&quot;:[]},&quot;element_pack_global_tooltip_padding&quot;:{&quot;unit&quot;:&quot;px&quot;,&quot;top&quot;:&quot;&quot;,&quot;right&quot;:&quot;&quot;,&quot;bottom&quot;:&quot;&quot;,&quot;left&quot;:&quot;&quot;,&quot;isLinked&quot;:true},&quot;element_pack_global_tooltip_padding_tablet&quot;:{&quot;unit&quot;:&quot;px&quot;,&quot;top&quot;:&quot;&quot;,&quot;right&quot;:&quot;&quot;,&quot;bottom&quot;:&quot;&quot;,&quot;left&quot;:&quot;&quot;,&quot;isLinked&quot;:true},&quot;element_pack_global_tooltip_padding_mobile&quot;:{&quot;unit&quot;:&quot;px&quot;,&quot;top&quot;:&quot;&quot;,&quot;right&quot;:&quot;&quot;,&quot;bottom&quot;:&quot;&quot;,&quot;left&quot;:&quot;&quot;,&quot;isLinked&quot;:true},&quot;element_pack_global_tooltip_border_radius&quot;:{&quot;unit&quot;:&quot;px&quot;,&quot;top&quot;:&quot;&quot;,&quot;right&quot;:&quot;&quot;,&quot;bottom&quot;:&quot;&quot;,&quot;left&quot;:&quot;&quot;,&quot;isLinked&quot;:true},&quot;element_pack_global_tooltip_border_radius_tablet&quot;:{&quot;unit&quot;:&quot;px&quot;,&quot;top&quot;:&quot;&quot;,&quot;right&quot;:&quot;&quot;,&quot;bottom&quot;:&quot;&quot;,&quot;left&quot;:&quot;&quot;,&quot;isLinked&quot;:true},&quot;element_pack_global_tooltip_border_radius_mobile&quot;:{&quot;unit&quot;:&quot;px&quot;,&quot;top&quot;:&quot;&quot;,&quot;right&quot;:&quot;&quot;,&quot;bottom&quot;:&quot;&quot;,&quot;left&quot;:&quot;&quot;,&quot;isLinked&quot;:true}}\" data-elementor-post-type=\"page\">\n\t\t\t\t\t\t<section class=\"elementor-section elementor-top-section elementor-element elementor-element-597747fe elementor-section-full_width elementor-section-height-min-height elementor-section-items-stretch elementor-section-height-default\" data-id=\"597747fe\" data-element_type=\"section\" data-e-type=\"section\">\n\t\t\t\t\t\t<div class=\"elementor-container elementor-column-gap-default\">\n\t\t\t\t\t<div data-dce-background-image-url=\"https:\/\/blashaus.ch\/wp-content\/uploads\/L1150671-scaled.jpg\" class=\"elementor-column elementor-col-100 elementor-top-column elementor-element elementor-element-603303a5\" data-id=\"603303a5\" data-element_type=\"column\" data-e-type=\"column\" data-settings=\"{&quot;background_background&quot;:&quot;classic&quot;}\">\n\t\t\t<div class=\"elementor-widget-wrap elementor-element-populated\">\n\t\t\t\t\t\t<div class=\"elementor-element elementor-element-24a19f8d elementor-widget elementor-widget-spacer\" data-id=\"24a19f8d\" data-element_type=\"widget\" data-e-type=\"widget\" data-widget_type=\"spacer.default\">\n\t\t\t\t<div class=\"elementor-widget-container\">\n\t\t\t\t\t\t\t<div class=\"elementor-spacer\">\n\t\t\t<div class=\"elementor-spacer-inner\"><\/div>\n\t\t<\/div>\n\t\t\t\t\t\t<\/div>\n\t\t\t\t<\/div>\n\t\t\t\t\t<\/div>\n\t\t<\/div>\n\t\t\t\t\t<\/div>\n\t\t<\/section>\n\t\t\t\t<section class=\"elementor-section elementor-top-section elementor-element elementor-element-2253ee0 elementor-section-full_width elementor-section-height-default elementor-section-height-default elementor-invisible\" data-id=\"2253ee0\" data-element_type=\"section\" data-e-type=\"section\" data-settings=\"{&quot;animation&quot;:&quot;fadeInUp&quot;}\">\n\t\t\t\t\t\t<div class=\"elementor-container elementor-column-gap-default\">\n\t\t\t\t\t<div class=\"elementor-column elementor-col-50 elementor-top-column elementor-element elementor-element-1837186\" data-id=\"1837186\" data-element_type=\"column\" data-e-type=\"column\" data-settings=\"{&quot;background_background&quot;:&quot;classic&quot;}\">\n\t\t\t<div class=\"elementor-widget-wrap elementor-element-populated\">\n\t\t\t\t\t\t<div class=\"elementor-element elementor-element-70b56ba elementor-widget elementor-widget-heading\" data-id=\"70b56ba\" data-element_type=\"widget\" data-e-type=\"widget\" data-widget_type=\"heading.default\">\n\t\t\t\t<div class=\"elementor-widget-container\">\n\t\t\t\t\t<h1 class=\"elementor-heading-title elementor-size-default\">Clarinet<\/h1>\t\t\t\t<\/div>\n\t\t\t\t<\/div>\n\t\t\t\t<div class=\"elementor-element elementor-element-a24df06 elementor-widget elementor-widget-text-editor\" data-id=\"a24df06\" data-element_type=\"widget\" data-e-type=\"widget\" data-widget_type=\"text-editor.default\">\n\t\t\t\t<div class=\"elementor-widget-container\">\n\t\t\t\t\t\t\t\t\t<p>Klezmer or classical? In our versatile range, clarinettists are sure to find the instrument that suits their musical and tasteful ideas and wishes. From Schwenk &amp; Seggelke to Selmer and Buffet Crampon, there are many models to choose from.<\/p>\t\t\t\t\t\t\t\t<\/div>\n\t\t\t\t<\/div>\n\t\t\t\t\t<\/div>\n\t\t<\/div>\n\t\t\t\t<div class=\"elementor-column elementor-col-50 elementor-top-column elementor-element elementor-element-5751dbb\" data-id=\"5751dbb\" data-element_type=\"column\" data-e-type=\"column\" data-settings=\"{&quot;background_background&quot;:&quot;classic&quot;}\">\n\t\t\t<div class=\"elementor-widget-wrap elementor-element-populated\">\n\t\t\t\t\t\t<div class=\"elementor-element elementor-element-239ba52f elementor-widget elementor-widget-image\" data-id=\"239ba52f\" data-element_type=\"widget\" data-e-type=\"widget\" data-widget_type=\"image.default\">\n\t\t\t\t<div class=\"elementor-widget-container\">\n\t\t\t\t\t\t\t\t\t\t\t\t\t\t\t<img fetchpriority=\"high\" decoding=\"async\" width=\"179\" height=\"643\" src=\"https:\/\/blashaus.ch\/wp-content\/uploads\/blashaus-icon-klarinette.svg\" class=\"attachment-large size-large wp-image-12995\" alt=\"\" \/>\t\t\t\t\t\t\t\t\t\t\t\t\t\t\t<\/div>\n\t\t\t\t<\/div>\n\t\t\t\t\t<\/div>\n\t\t<\/div>\n\t\t\t\t\t<\/div>\n\t\t<\/section>\n\t\t\t\t<section class=\"elementor-section elementor-top-section elementor-element elementor-element-918709c elementor-section-full_width elementor-reverse-tablet elementor-reverse-mobile elementor-section-height-default elementor-section-height-default elementor-invisible\" data-id=\"918709c\" data-element_type=\"section\" data-e-type=\"section\" id=\"klar_neu\" data-settings=\"{&quot;animation&quot;:&quot;fadeInUp&quot;,&quot;animation_mobile&quot;:&quot;none&quot;}\">\n\t\t\t\t\t\t<div class=\"elementor-container elementor-column-gap-default\">\n\t\t\t\t\t<div class=\"elementor-column elementor-col-50 elementor-top-column elementor-element elementor-element-02f29fe\" data-id=\"02f29fe\" data-element_type=\"column\" data-e-type=\"column\">\n\t\t\t<div class=\"elementor-widget-wrap elementor-element-populated\">\n\t\t\t\t\t\t<div class=\"elementor-element elementor-element-8dbf7b3 elementor-widget elementor-widget-heading\" data-id=\"8dbf7b3\" data-element_type=\"widget\" data-e-type=\"widget\" data-widget_type=\"heading.default\">\n\t\t\t\t<div class=\"elementor-widget-container\">\n\t\t\t\t\t<h2 class=\"elementor-heading-title elementor-size-default\">New instruments<\/h2>\t\t\t\t<\/div>\n\t\t\t\t<\/div>\n\t\t\t\t<div class=\"elementor-element elementor-element-6ded2bb elementor-widget elementor-widget-text-editor\" data-id=\"6ded2bb\" data-element_type=\"widget\" data-e-type=\"widget\" data-widget_type=\"text-editor.default\">\n\t\t\t\t<div class=\"elementor-widget-container\">\n\t\t\t\t\t\t\t\t\t<p>With us you can test and compare instruments at your leisure. We offer you an interesting rental and purchase system. Top service even after the purchase. Because buying an instrument is a matter of trust. At BLASHAUS you benefit from experts with many years of experience - as musicians and as instrument makers.\u00a0<\/p>\t\t\t\t\t\t\t\t<\/div>\n\t\t\t\t<\/div>\n\t\t\t\t<div class=\"elementor-element elementor-element-a63cd82 elementor-view-default elementor-widget elementor-widget-icon\" data-id=\"a63cd82\" data-element_type=\"widget\" data-e-type=\"widget\" data-widget_type=\"icon.default\">\n\t\t\t\t<div class=\"elementor-widget-container\">\n\t\t\t\t\t\t\t<div class=\"elementor-icon-wrapper\">\n\t\t\t<a class=\"elementor-icon elementor-animation-shrink\" href=\"https:\/\/blashaus.ch\/en\/shop-kat\/woodwind-instruments\/clarinets\/?product_tag_4=neuinstrument&#038;wpf_fbv=1&#038;all_products_filtering=1&#038;wpf_filter_cat_0=2762\">\n\t\t\t<svg xmlns=\"http:\/\/www.w3.org\/2000\/svg\" width=\"73.965\" height=\"73.965\" viewbox=\"0 0 73.965 73.965\"><path id=\"square-arrow-right-light\" d=\"M41.49,51.267A2.641,2.641,0,0,0,37.755,55L49.1,66.341H18.491a2.623,2.623,0,0,0-2.642,2.493,2.685,2.685,0,0,0,2.642,2.79H49.1L37.76,82.965A2.641,2.641,0,0,0,41.495,86.7l15.85-15.85a2.761,2.761,0,0,0,.771-2.016,2.4,2.4,0,0,0-.774-1.867ZM63.4,32H10.566A10.566,10.566,0,0,0,0,42.566V95.4a10.566,10.566,0,0,0,10.566,10.566H63.4A10.566,10.566,0,0,0,73.965,95.4V42.566A10.571,10.571,0,0,0,63.4,32Zm5.283,63.4a5.29,5.29,0,0,1-5.283,5.283H10.566A5.29,5.29,0,0,1,5.283,95.4V42.566a5.29,5.29,0,0,1,5.283-5.283H63.4a5.29,5.29,0,0,1,5.283,5.283Z\" transform=\"translate(0 -32)\" fill=\"#b89f60\"><\/path><\/svg>\t\t\t<\/a>\n\t\t<\/div>\n\t\t\t\t\t\t<\/div>\n\t\t\t\t<\/div>\n\t\t\t\t\t<\/div>\n\t\t<\/div>\n\t\t\t\t<div class=\"elementor-column elementor-col-50 elementor-top-column elementor-element elementor-element-ba32e94\" data-id=\"ba32e94\" data-element_type=\"column\" data-e-type=\"column\">\n\t\t\t<div class=\"elementor-widget-wrap elementor-element-populated\">\n\t\t\t\t\t\t<div class=\"elementor-element elementor-element-d80f80f elementor-widget elementor-widget-image\" data-id=\"d80f80f\" data-element_type=\"widget\" data-e-type=\"widget\" data-widget_type=\"image.default\">\n\t\t\t\t<div class=\"elementor-widget-container\">\n\t\t\t\t\t\t\t\t\t\t\t\t\t\t\t<img decoding=\"async\" width=\"800\" height=\"852\" src=\"https:\/\/blashaus.ch\/wp-content\/uploads\/SELMER_1991-961x1024.jpg\" class=\"attachment-large size-large wp-image-12745\" alt=\"\" srcset=\"https:\/\/blashaus.ch\/wp-content\/uploads\/SELMER_1991-961x1024.jpg 961w, https:\/\/blashaus.ch\/wp-content\/uploads\/SELMER_1991-scaled-600x639.jpg 600w, https:\/\/blashaus.ch\/wp-content\/uploads\/SELMER_1991-282x300.jpg 282w, https:\/\/blashaus.ch\/wp-content\/uploads\/SELMER_1991-768x818.jpg 768w, https:\/\/blashaus.ch\/wp-content\/uploads\/SELMER_1991-scaled.jpg 1503w\" sizes=\"(max-width: 800px) 100vw, 800px\" \/>\t\t\t\t\t\t\t\t\t\t\t\t\t\t\t<\/div>\n\t\t\t\t<\/div>\n\t\t\t\t\t<\/div>\n\t\t<\/div>\n\t\t\t\t\t<\/div>\n\t\t<\/section>\n\t\t\t\t<section class=\"elementor-section elementor-top-section elementor-element elementor-element-2d774926 elementor-section-full_width elementor-section-height-default elementor-section-height-default elementor-invisible\" data-id=\"2d774926\" data-element_type=\"section\" data-e-type=\"section\" data-settings=\"{&quot;animation&quot;:&quot;fadeInUp&quot;,&quot;animation_mobile&quot;:&quot;none&quot;}\">\n\t\t\t\t\t\t<div class=\"elementor-container elementor-column-gap-default\">\n\t\t\t\t\t<div class=\"elementor-column elementor-col-50 elementor-top-column elementor-element elementor-element-6a1491d3\" data-id=\"6a1491d3\" data-element_type=\"column\" data-e-type=\"column\">\n\t\t\t<div class=\"elementor-widget-wrap elementor-element-populated\">\n\t\t\t\t\t\t<div class=\"elementor-element elementor-element-13d0ba6a elementor-widget elementor-widget-image\" data-id=\"13d0ba6a\" data-element_type=\"widget\" data-e-type=\"widget\" data-widget_type=\"image.default\">\n\t\t\t\t<div class=\"elementor-widget-container\">\n\t\t\t\t\t\t\t\t\t\t\t\t\t\t\t<img decoding=\"async\" width=\"800\" height=\"534\" src=\"https:\/\/blashaus.ch\/wp-content\/uploads\/L1130614-1024x683.jpeg\" class=\"attachment-large size-large wp-image-16007\" alt=\"\" srcset=\"https:\/\/blashaus.ch\/wp-content\/uploads\/L1130614-1024x683.jpeg 1024w, https:\/\/blashaus.ch\/wp-content\/uploads\/L1130614-300x200.jpeg 300w, https:\/\/blashaus.ch\/wp-content\/uploads\/L1130614-768x513.jpeg 768w, https:\/\/blashaus.ch\/wp-content\/uploads\/L1130614-1536x1025.jpeg 1536w, https:\/\/blashaus.ch\/wp-content\/uploads\/L1130614-2048x1367.jpeg 2048w, https:\/\/blashaus.ch\/wp-content\/uploads\/L1130614-600x400.jpeg 600w, https:\/\/blashaus.ch\/wp-content\/uploads\/L1130614-scaled.jpeg 1600w\" sizes=\"(max-width: 800px) 100vw, 800px\" \/>\t\t\t\t\t\t\t\t\t\t\t\t\t\t\t<\/div>\n\t\t\t\t<\/div>\n\t\t\t\t\t<\/div>\n\t\t<\/div>\n\t\t\t\t<div class=\"elementor-column elementor-col-50 elementor-top-column elementor-element elementor-element-19841d89\" data-id=\"19841d89\" data-element_type=\"column\" data-e-type=\"column\">\n\t\t\t<div class=\"elementor-widget-wrap elementor-element-populated\">\n\t\t\t\t\t\t<div class=\"elementor-element elementor-element-2172bdd2 elementor-widget elementor-widget-heading\" data-id=\"2172bdd2\" data-element_type=\"widget\" data-e-type=\"widget\" data-widget_type=\"heading.default\">\n\t\t\t\t<div class=\"elementor-widget-container\">\n\t\t\t\t\t<h2 class=\"elementor-heading-title elementor-size-default\">Schwenk &amp; Seggelke<\/h2>\t\t\t\t<\/div>\n\t\t\t\t<\/div>\n\t\t\t\t<div class=\"elementor-element elementor-element-4a2a779d elementor-widget elementor-widget-text-editor\" data-id=\"4a2a779d\" data-element_type=\"widget\" data-e-type=\"widget\" data-widget_type=\"text-editor.default\">\n\t\t\t\t<div class=\"elementor-widget-container\">\n\t\t\t\t\t\t\t\t\tThe Schwenk &amp; Seggelke clarinets are lovingly handmade in Bamberg. <br>\nCareful handling, from the storage of the wood to the assembly of the mechanism, instils a soul into the Schwenk &amp; Seggelke instruments. Anyone who has ever played such an instrument will be enchanted by its magic.\n\t\t\t\t\t\t\t\t<\/div>\n\t\t\t\t<\/div>\n\t\t\t\t<div class=\"elementor-element elementor-element-5129ba38 elementor-view-default elementor-widget elementor-widget-icon\" data-id=\"5129ba38\" data-element_type=\"widget\" data-e-type=\"widget\" data-widget_type=\"icon.default\">\n\t\t\t\t<div class=\"elementor-widget-container\">\n\t\t\t\t\t\t\t<div class=\"elementor-icon-wrapper\">\n\t\t\t<a class=\"elementor-icon elementor-animation-shrink\" href=\"https:\/\/blashaus.ch\/en\/schwenk-seggelke\/\">\n\t\t\t<svg xmlns=\"http:\/\/www.w3.org\/2000\/svg\" width=\"73.965\" height=\"73.965\" viewbox=\"0 0 73.965 73.965\"><path id=\"square-arrow-right-light\" d=\"M41.49,51.267A2.641,2.641,0,0,0,37.755,55L49.1,66.341H18.491a2.623,2.623,0,0,0-2.642,2.493,2.685,2.685,0,0,0,2.642,2.79H49.1L37.76,82.965A2.641,2.641,0,0,0,41.495,86.7l15.85-15.85a2.761,2.761,0,0,0,.771-2.016,2.4,2.4,0,0,0-.774-1.867ZM63.4,32H10.566A10.566,10.566,0,0,0,0,42.566V95.4a10.566,10.566,0,0,0,10.566,10.566H63.4A10.566,10.566,0,0,0,73.965,95.4V42.566A10.571,10.571,0,0,0,63.4,32Zm5.283,63.4a5.29,5.29,0,0,1-5.283,5.283H10.566A5.29,5.29,0,0,1,5.283,95.4V42.566a5.29,5.29,0,0,1,5.283-5.283H63.4a5.29,5.29,0,0,1,5.283,5.283Z\" transform=\"translate(0 -32)\" fill=\"#b89f60\"><\/path><\/svg>\t\t\t<\/a>\n\t\t<\/div>\n\t\t\t\t\t\t<\/div>\n\t\t\t\t<\/div>\n\t\t\t\t\t<\/div>\n\t\t<\/div>\n\t\t\t\t\t<\/div>\n\t\t<\/section>\n\t\t\t\t<section class=\"elementor-section elementor-top-section elementor-element elementor-element-4cc76067 elementor-section-full_width elementor-reverse-tablet elementor-reverse-mobile elementor-section-height-default elementor-section-height-default elementor-invisible\" data-id=\"4cc76067\" data-element_type=\"section\" data-e-type=\"section\" id=\"occasionen\" data-settings=\"{&quot;animation&quot;:&quot;fadeInUp&quot;,&quot;animation_mobile&quot;:&quot;none&quot;}\">\n\t\t\t\t\t\t<div class=\"elementor-container elementor-column-gap-default\">\n\t\t\t\t\t<div class=\"elementor-column elementor-col-50 elementor-top-column elementor-element elementor-element-7cdcd0a6\" data-id=\"7cdcd0a6\" data-element_type=\"column\" data-e-type=\"column\">\n\t\t\t<div class=\"elementor-widget-wrap elementor-element-populated\">\n\t\t\t\t\t\t<div class=\"elementor-element elementor-element-35b7ffd1 elementor-widget elementor-widget-heading\" data-id=\"35b7ffd1\" data-element_type=\"widget\" data-e-type=\"widget\" data-widget_type=\"heading.default\">\n\t\t\t\t<div class=\"elementor-widget-container\">\n\t\t\t\t\t<h2 class=\"elementor-heading-title elementor-size-default\">occasions<\/h2>\t\t\t\t<\/div>\n\t\t\t\t<\/div>\n\t\t\t\t<div class=\"elementor-element elementor-element-5503d558 elementor-widget elementor-widget-text-editor\" data-id=\"5503d558\" data-element_type=\"widget\" data-e-type=\"widget\" data-widget_type=\"text-editor.default\">\n\t\t\t\t<div class=\"elementor-widget-container\">\n\t\t\t\t\t\t\t\t\tYou too can find your second-hand clarinet with us. Used clarinets are cheaper and carry a history with them. Some of our clarinets have also been played by professional musicians.\t\t\t\t\t\t\t\t<\/div>\n\t\t\t\t<\/div>\n\t\t\t\t<div class=\"elementor-element elementor-element-496c7e3f elementor-view-default elementor-widget elementor-widget-icon\" data-id=\"496c7e3f\" data-element_type=\"widget\" data-e-type=\"widget\" data-widget_type=\"icon.default\">\n\t\t\t\t<div class=\"elementor-widget-container\">\n\t\t\t\t\t\t\t<div class=\"elementor-icon-wrapper\">\n\t\t\t<a class=\"elementor-icon elementor-animation-shrink\" href=\"https:\/\/blashaus.ch\/en\/shop-kat\/woodwind-instruments\/clarinets\/?wpf_fbv=1&#038;all_products_filtering=1&#038;wpf_filter_cat_0=2762&#038;product_tag_4=occasion\">\n\t\t\t<svg xmlns=\"http:\/\/www.w3.org\/2000\/svg\" width=\"73.965\" height=\"73.965\" viewbox=\"0 0 73.965 73.965\"><path id=\"square-arrow-right-light\" d=\"M41.49,51.267A2.641,2.641,0,0,0,37.755,55L49.1,66.341H18.491a2.623,2.623,0,0,0-2.642,2.493,2.685,2.685,0,0,0,2.642,2.79H49.1L37.76,82.965A2.641,2.641,0,0,0,41.495,86.7l15.85-15.85a2.761,2.761,0,0,0,.771-2.016,2.4,2.4,0,0,0-.774-1.867ZM63.4,32H10.566A10.566,10.566,0,0,0,0,42.566V95.4a10.566,10.566,0,0,0,10.566,10.566H63.4A10.566,10.566,0,0,0,73.965,95.4V42.566A10.571,10.571,0,0,0,63.4,32Zm5.283,63.4a5.29,5.29,0,0,1-5.283,5.283H10.566A5.29,5.29,0,0,1,5.283,95.4V42.566a5.29,5.29,0,0,1,5.283-5.283H63.4a5.29,5.29,0,0,1,5.283,5.283Z\" transform=\"translate(0 -32)\" fill=\"#b89f60\"><\/path><\/svg>\t\t\t<\/a>\n\t\t<\/div>\n\t\t\t\t\t\t<\/div>\n\t\t\t\t<\/div>\n\t\t\t\t\t<\/div>\n\t\t<\/div>\n\t\t\t\t<div class=\"elementor-column elementor-col-50 elementor-top-column elementor-element elementor-element-2aab153\" data-id=\"2aab153\" data-element_type=\"column\" data-e-type=\"column\">\n\t\t\t<div class=\"elementor-widget-wrap elementor-element-populated\">\n\t\t\t\t\t\t<div class=\"elementor-element elementor-element-714dc305 elementor-widget elementor-widget-image\" data-id=\"714dc305\" data-element_type=\"widget\" data-e-type=\"widget\" data-widget_type=\"image.default\">\n\t\t\t\t<div class=\"elementor-widget-container\">\n\t\t\t\t\t\t\t\t\t\t\t\t\t\t\t<img loading=\"lazy\" decoding=\"async\" width=\"800\" height=\"600\" src=\"https:\/\/blashaus.ch\/wp-content\/uploads\/L1150273-1024x768.jpg\" class=\"attachment-large size-large wp-image-4900\" alt=\"\" srcset=\"https:\/\/blashaus.ch\/wp-content\/uploads\/L1150273-1024x768.jpg 1024w, https:\/\/blashaus.ch\/wp-content\/uploads\/L1150273-300x225.jpg 300w, https:\/\/blashaus.ch\/wp-content\/uploads\/L1150273-600x450.jpg 600w, https:\/\/blashaus.ch\/wp-content\/uploads\/L1150273-768x576.jpg 768w, https:\/\/blashaus.ch\/wp-content\/uploads\/L1150273-scaled.jpg 1600w\" sizes=\"(max-width: 800px) 100vw, 800px\" \/>\t\t\t\t\t\t\t\t\t\t\t\t\t\t\t<\/div>\n\t\t\t\t<\/div>\n\t\t\t\t\t<\/div>\n\t\t<\/div>\n\t\t\t\t\t<\/div>\n\t\t<\/section>\n\t\t\t\t<section class=\"elementor-section elementor-top-section elementor-element elementor-element-5313b380 elementor-section-full_width elementor-section-height-default elementor-section-height-default\" data-id=\"5313b380\" data-element_type=\"section\" data-e-type=\"section\">\n\t\t\t\t\t\t<div class=\"elementor-container elementor-column-gap-default\">\n\t\t\t\t\t<div class=\"elementor-column elementor-col-100 elementor-top-column elementor-element elementor-element-418a997f elementor-invisible\" data-id=\"418a997f\" data-element_type=\"column\" data-e-type=\"column\" data-settings=\"{&quot;animation&quot;:&quot;fadeInUp&quot;,&quot;animation_mobile&quot;:&quot;none&quot;}\">\n\t\t\t<div class=\"elementor-widget-wrap elementor-element-populated\">\n\t\t\t\t\t\t<div class=\"elementor-element elementor-element-72bf599 elementor-widget elementor-widget-heading\" data-id=\"72bf599\" data-element_type=\"widget\" data-e-type=\"widget\" data-widget_type=\"heading.default\">\n\t\t\t\t<div class=\"elementor-widget-container\">\n\t\t\t\t\t<h2 class=\"elementor-heading-title elementor-size-default\">Everything for clarinetists<\/h2>\t\t\t\t<\/div>\n\t\t\t\t<\/div>\n\t\t\t\t<div data-dce-background-color=\"#333333\" class=\"elementor-element elementor-element-7d897de6 elementor-align-center elementor-widget elementor-widget-button\" data-id=\"7d897de6\" data-element_type=\"widget\" data-e-type=\"widget\" data-widget_type=\"button.default\">\n\t\t\t\t<div class=\"elementor-widget-container\">\n\t\t\t\t\t\t\t\t\t<div class=\"elementor-button-wrapper\">\n\t\t\t\t\t<a class=\"elementor-button elementor-button-link elementor-size-sm elementor-animation-shrink\" href=\"https:\/\/blashaus.ch\/en\/shop-kat\/woodwind-instruments\/clarinets\/\">\n\t\t\t\t\t\t<span class=\"elementor-button-content-wrapper\">\n\t\t\t\t\t\t\t\t\t<span class=\"elementor-button-text\">to the shop<\/span>\n\t\t\t\t\t<\/span>\n\t\t\t\t\t<\/a>\n\t\t\t\t<\/div>\n\t\t\t\t\t\t\t\t<\/div>\n\t\t\t\t<\/div>\n\t\t\t\t\t<\/div>\n\t\t<\/div>\n\t\t\t\t\t<\/div>\n\t\t<\/section>\n\t\t\t\t<\/div>","protected":false},"excerpt":{"rendered":"<p>Klarinette Klezmer oder Klassik? In unserem vielseitigen Angebot finden Klarinettistinnen und Klarinettisten bestimmt jenes Instrument, das ihren musikalischen und geschmacklichen Vorstellungen und W\u00fcnschen entspricht. Von Schwenk &amp; Seggelke \u00fcber Selmer bis hin zu Buffet Crampon k\u00f6nnen Sie zwischen vielen Modellen Ihre Wahl treffen. Neuinstrumente Bei uns k\u00f6nnen Sie Instrumente in aller Ruhe testen und vergleichen. [&hellip;]<\/p>\n","protected":false},"author":57,"featured_media":0,"parent":0,"menu_order":0,"comment_status":"closed","ping_status":"closed","template":"","meta":{"_acf_changed":false,"footnotes":""},"class_list":["post-14422","page","type-page","status-publish","hentry"],"acf":[],"_links":{"self":[{"href":"https:\/\/blashaus.ch\/en\/wp-json\/wp\/v2\/pages\/14422","targetHints":{"allow":["GET"]}}],"collection":[{"href":"https:\/\/blashaus.ch\/en\/wp-json\/wp\/v2\/pages"}],"about":[{"href":"https:\/\/blashaus.ch\/en\/wp-json\/wp\/v2\/types\/page"}],"author":[{"embeddable":true,"href":"https:\/\/blashaus.ch\/en\/wp-json\/wp\/v2\/users\/57"}],"replies":[{"embeddable":true,"href":"https:\/\/blashaus.ch\/en\/wp-json\/wp\/v2\/comments?post=14422"}],"version-history":[{"count":0,"href":"https:\/\/blashaus.ch\/en\/wp-json\/wp\/v2\/pages\/14422\/revisions"}],"wp:attachment":[{"href":"https:\/\/blashaus.ch\/en\/wp-json\/wp\/v2\/media?parent=14422"}],"curies":[{"name":"wp","href":"https:\/\/api.w.org\/{rel}","templated":true}]}}