{"id":2738,"date":"2018-03-14T15:03:48","date_gmt":"2018-03-14T14:03:48","guid":{"rendered":"https:\/\/blashaus.ch\/?page_id=2738"},"modified":"2018-07-17T15:06:20","modified_gmt":"2018-07-17T13:06:20","slug":"saxophon-museum","status":"publish","type":"page","link":"https:\/\/blashaus.ch\/en\/saxophon-museum\/","title":{"rendered":"Saxophon-Museum"},"content":{"rendered":"<p>Wir machten die Erfahrung, dass es bei den Vintage Saxophonen bez\u00fcglich Klang, Ansprache und Intonation enorme Unterschiede zwischen den gleichen Modellen gibt.<br \/>Wir empfehlen deshalb unbedingt, vor einem Kauf, die Instrumente zu testen und quer zu vergleichen. Falls das Vintage Saxophon nicht richtig deckt, ist eine Beurteilung der Klangfarbe, Intonation und Ansprache unm\u00f6glich. Der Zustand der Polster hat einen grossen Einfluss.<br \/>Auch entspricht der Qualit\u00e4tsstandard von Reparaturen aus dem Ausland und besonders aus der USA oft nicht dem der Schweiz und besonders nicht dem vom BLASHAUS. Vorsicht ist auch bei Instrumenten geboten die keine Orginallackierung mehr haben. Oft wurden diese Instrumente fahrl\u00e4ssig grob poliert, das heisst sie haben an Masse verloren.<\/p>\n<p>Vintage Saxophone haben Charisma und Scharm \u2013 oft aber auch ein schwieriges Handling. Aber hier hat DAS\u00a0BLASHAUS eine L\u00f6sung anzubieten: Das BLASHAUS Converted Conn Chu Berry &#8222;Black Pearl&#8220; Saxophon!<\/p>\n<p>JAMES CARTER in einem Jazz Weekly Interview zum BLASHAUS Black Pearl:<br \/><em>&#8222;Yeah, I have a couple, quite a few favorites. One I used on the Kansas City Soundtrack and on the movie. That is one favorite of mine. It is a 1926 Conn that has modern Selmer mechanisms on it and so it is like the best of both worlds. You&#8217;ve got modern key work with old metal. It is not like this alloy stuff that is out here now. It is a very special axe. There was only five made in the world&#8230;&#8220;<\/em><\/p>\n<p>\t\t\t\t<img fetchpriority=\"high\" decoding=\"async\" src=\"https:\/\/blashaus.ch\/wp-content\/uploads\/MI0002755412.jpg\" alt=\"MI0002755412\" itemprop=\"image\" height=\"1078\" width=\"1080\" title=\"MI0002755412\"  \/><\/p>\n<h3>\n\t\tVintage Sound und perfektes Handling:  BLASHAUS Converted Conn Chu Berry &#8222;Black Pearl&#8220;<br \/>\n\t<\/h3>\n<p>1924 bis 1930 produzierte die Firma Conn das Saxophon-Modell \u201eNew Wonder\u201c, besser bekannt unter dem Namen \u201eConn Chu Berry\u201c. Das Instrument bestach mit grossem, dunklem Sound, sonorem Klang und viel Swing. Es repr\u00e4sentierte in perfekter Art und Weise das bis in die 50er Jahre angestrebte Klangbild.<\/p>\n<p>Auf Dexter Gorden&#8217;s CD &#8222;Ballades&#8220; \u2013 einem Sampler mit Einspielungen aus verschiedenen Jahrzehnten \u2013 h\u00f6rt man frappant Gorden&#8217;s Wechsel vom Conn zum Selmer Tenor.<\/p>\n<p>Wir waren und sind fasziniert von diesem Vintage Sound. Aber in den 80er und 90er Jahren war das Saxophon in der Popmusik und auch im Jazz sehr angesagt und das Klangbild von Rollins und Brecker und im Jazz von Coltrane wurde von vielen Saxophonisten angestrebt. Auf dem Markt dominierte das Selmer Mark VI Tenor die Szene. Es gab in dieser Zeit neben der Marke Keilwerth keine wirkliche, professionell brauchbare Alternative.<br \/> Also kauften wir in den USA alte Saxophone, \u00fcberholten diese und boten sie in unserem damals noch jungen Gesch\u00e4ft an. Wir waren immer wieder \u00fcberrascht wie toll diese Vintage Saxophone klingen und gleichzeitig entt\u00e4uscht vom sperrigen Spielgef\u00fchl der alten Mechanik.<\/p>\n<p>Wie Abhilfe schaffen? Im BLASHAUS entstand eine k\u00fchne Idee:<br \/> Nach vielen Ab\u00e4nderungen und Verbesserungen kamen wir zum Entschluss das sperrige Spielgef\u00fchl an seiner Wurzel auszumerzen, koste es was es wolle.<\/p>\n<p>\t\t<meta itemprop=\"url\" content=\"https:\/\/blashaus.ch\/wp-content\/uploads\/004-Erniestune.mp3\" \/><audio class=\"wp-audio-shortcode\" id=\"audio-2738-1\" preload=\"none\" style=\"width: 100%;\" controls=\"controls\"><source type=\"audio\/mpeg\" src=\"https:\/\/blashaus.ch\/wp-content\/uploads\/004-Erniestune.mp3?_=1\" \/><a href=\"https:\/\/blashaus.ch\/wp-content\/uploads\/004-Erniestune.mp3\">https:\/\/blashaus.ch\/wp-content\/uploads\/004-Erniestune.mp3<\/a><\/audio><br \/>\n\t\t<meta itemprop=\"url\" content=\"https:\/\/blashaus.ch\/wp-content\/uploads\/008-Bodyandsoul.mp3\" \/><audio class=\"wp-audio-shortcode\" id=\"audio-2738-2\" preload=\"none\" style=\"width: 100%;\" controls=\"controls\"><source type=\"audio\/mpeg\" src=\"https:\/\/blashaus.ch\/wp-content\/uploads\/008-Bodyandsoul.mp3?_=2\" \/><a href=\"https:\/\/blashaus.ch\/wp-content\/uploads\/008-Bodyandsoul.mp3\">https:\/\/blashaus.ch\/wp-content\/uploads\/008-Bodyandsoul.mp3<\/a><\/audio><\/p>\n<h3>\n\t\tUnsere Geschichte<br \/>\n\t<\/h3>\n<h3>\n\t\t1992 \u2013 Das erste BLASHAUS Converted Conn Chu Berry &#8222;Black Pearl&#8220; entsteht<br \/>\n\t<\/h3>\n<p>Wir bauten auf ein Conn Chu Berry Tenor eine moderne Mechanik. Eines war klar: es musste balanced sein \u2013 der kleine Finger links wie bei einem Selmer Mark VI.<br \/>\nDas Ziel: Der Wechsel zwischen einem Chu und einem Mark VI soll taktil kein Stolperstein mehr sein. So dass ein Solist je nach Bed\u00fcrfnis zwischen diesen beiden Instrumenten und Klangfarben ohne grosse Umstellung hin und her wechseln kann. Ohne Einschr\u00e4nkung durch mechanische M\u00e4ngel, aber kreativ inspirriert durch das unterschiedliche Klangverhalten.<\/p>\n<p>Der Erfolg der Idee war \u00fcberw\u00e4ltigend: Es entstand das legend\u00e4re Black Pearl Tenor.<\/p>\n<p><a href=\"https:\/\/blashaus.ch\/en\/saxophon-museum\/blashaus-converted-conn-chu-berry-black-pearl\/\">Hier erfahren Sie mehr zum Black Pearl<\/a><\/p>\n<p>\t\t\t\t<img decoding=\"async\" src=\"https:\/\/blashaus.ch\/wp-content\/uploads\/l1060852-kopie-1.jpg\" alt=\"L1060852 Kopie\" itemprop=\"image\" height=\"642\" width=\"1000\" title=\"L1060852 Kopie\"  \/><\/p>\n<h3>\n\t\t2010 \u2013 Wir pr\u00e4sentieren: BLASHAUS Converted Conn Chu Berry &#8222;Black Pearl II&#8220;<br \/>\n\t<\/h3>\n<p>Fast 20 Jahre sp\u00e4ter greift DAS BLASHAUS die Idee noch einmal auf. Die Fusion von wunderbarem Vintage-Sound mit perfektem Handling wird nicht einfach kopiert sondern neu und zeitgem\u00e4ss interpretiert<\/p>\n<p>Dazu Martin Suter: &#8222;Die Idee hat mich nie wirklich losgelassen und ich wollte alle meine Erfahrung der letzten zwanzig Jahre in ein neues Modell einfliessen lassen.&#8220;<\/p>\n<p>Das neue Black Pearl II \u00fcberzeugt nun in jeder Hinsicht.<\/p>\n<p><a href=\"https:\/\/blashaus.ch\/en\/saxophon-museum\/black-pearl-ii-tenor\/\">Hier erfahren Sie mehr zum Black Pearl II Tenor<\/a><br \/>\n<a href=\"https:\/\/blashaus.ch\/en\/saxophon-museum\/blashaus-converted-conn-chu-berry-black-pearl-ii-bariton\/\">Hier erfahren Sie mehr zum Black Pearl II Bariton<\/a><\/p>\n<p>\t\t\t\t<img decoding=\"async\" src=\"https:\/\/blashaus.ch\/wp-content\/uploads\/l1040937-1.jpg\" alt=\"L1040937\" itemprop=\"image\" height=\"563\" width=\"1000\" title=\"L1040937\"  \/><\/p>","protected":false},"excerpt":{"rendered":"<p>Unsere grosse Leidenschaft gilt den Vintage Saxophonen. Seit der Gr\u00fcndung des BLASHAUS 1988 handeln und \u00fcberholen wir alle Marken von Vintage Saxophonen.<br \/>\nZum Beispiel Conn, Buescher, Martin und King aus den USA. Buffet, Selmer, Grafton, SML oder Keilwerth aus Europa. Von jeder Marke gibt es meist eine Vielzahl von Modellen.<\/p>","protected":false},"author":2,"featured_media":3025,"parent":0,"menu_order":0,"comment_status":"closed","ping_status":"closed","template":"","meta":{"_acf_changed":false,"footnotes":""},"class_list":["post-2738","page","type-page","status-publish","has-post-thumbnail","hentry"],"acf":[],"_links":{"self":[{"href":"https:\/\/blashaus.ch\/en\/wp-json\/wp\/v2\/pages\/2738","targetHints":{"allow":["GET"]}}],"collection":[{"href":"https:\/\/blashaus.ch\/en\/wp-json\/wp\/v2\/pages"}],"about":[{"href":"https:\/\/blashaus.ch\/en\/wp-json\/wp\/v2\/types\/page"}],"author":[{"embeddable":true,"href":"https:\/\/blashaus.ch\/en\/wp-json\/wp\/v2\/users\/2"}],"replies":[{"embeddable":true,"href":"https:\/\/blashaus.ch\/en\/wp-json\/wp\/v2\/comments?post=2738"}],"version-history":[{"count":0,"href":"https:\/\/blashaus.ch\/en\/wp-json\/wp\/v2\/pages\/2738\/revisions"}],"wp:featuredmedia":[{"embeddable":true,"href":"https:\/\/blashaus.ch\/en\/wp-json\/wp\/v2\/media\/3025"}],"wp:attachment":[{"href":"https:\/\/blashaus.ch\/en\/wp-json\/wp\/v2\/media?parent=2738"}],"curies":[{"name":"wp","href":"https:\/\/api.w.org\/{rel}","templated":true}]}}