{"id":3225,"date":"2018-04-23T11:44:38","date_gmt":"2018-04-23T09:44:38","guid":{"rendered":"https:\/\/blashaus.ch\/?page_id=3225"},"modified":"2018-07-10T18:30:21","modified_gmt":"2018-07-10T16:30:21","slug":"black-pearl-ii-tenor","status":"publish","type":"page","link":"https:\/\/blashaus.ch\/en\/saxophon-museum\/black-pearl-ii-tenor\/","title":{"rendered":"Black Pearl II Tenor"},"content":{"rendered":"<p>Das\u00a0Black Pearl\u00a0Tenor Saxofon ist ein sensationelles, hervorragend spielbares Instrument, entwickelt basierend auf dem legend\u00e4ren Vintage Conn Chu Berry Korpus. Dank seiner Balanced-Mechanik besitzt das\u00a0Black Pearl\u00a0ein mit heutigen Saxofonen vergleichbares Handling.<\/p>\n<p>The Chu Berry has a fat, broad, sonorous sound with a lot of soul and swing. It responds very easily and is surprisingly stable intonation for a saxophone from the 1920s. The overtone composition is flatter than on the Selmer saxophones and typical of the American vintage sound.<\/p>\n<p>Im Vordergrund steht beim\u00a0Black Pearl\u00a0die taktile Spielbarkeit verbunden mit seinem wundervollen Klang. Dank abnehmbarem Becher und Klappensch\u00fctzen bietet es eine hohe Servicefreundlichkeit.<br \/>\nDas Design ist mit seinen Runddraht-Klappensch\u00fctzen eine zeitgem\u00e4sse Interpretation des Vintage Chu Looks. Die Oberfl\u00e4che ist matt versilbert, patiniert und geb\u00fcrstet, was seinen Vintage Charakter unterstreicht. Die Kopie der Selmer Reference Mechanik mit den kleinen Rippen versteifen das Instrument in positiver Weise und verleihen ihm mehr Durchsetzungsverm\u00f6gen.<\/p>\n<p>The combination of today's handling and vintage sound are a great source of inspiration for every soloist.<\/p>\n<p>Das\u00a0BLASHAUS Converted Conn Chu Berry &#8222;Black\u00a0Pearl\u00a0II&#8220; Tenor Saxophone\u00a0ist das Trauminstrument f\u00fcr jeden Conn-Sound-Fan der auf das heutige Handling nicht verzichten m\u00f6chte.<\/p>\n<h2>\nit is like the best of both worlds<\/h2>\n<p>\t\t\t\t<img fetchpriority=\"high\" decoding=\"async\" src=\"https:\/\/blashaus.ch\/wp-content\/uploads\/black_pearl_P1000413-3.jpg\" alt=\"Black Pearl P1000413 3\" itemprop=\"image\" height=\"631\" width=\"288\" title=\"Black Pearl P1000413 3\"  \/><\/p>","protected":false},"excerpt":{"rendered":"<p>1924 bis 1930 produzierte die Firma Conn das Saxofon-Modell \u201eNew Wonder\u201c, besser bekannt unter dem Namen \u201eConn Chu Berry\u201c. Das Instrument bestach mit grossem, dunklem Sound, sonorem Klang und viel Swing. Wir waren immer wieder \u00fcberrascht wie toll diese Vintage Saxophone klingen und gleichzeitig entt\u00e4uscht vom sperrigen Spielgef\u00fchl der alten Mechanik. Also bauten wir auf ein Conn Chu Berry Tenor eine moderne Mechanik. Das Resultat war \u00fcberw\u00e4ltigend: Es entstand das legend\u00e4re Black Pearl Tenor.<\/p>","protected":false},"author":2,"featured_media":0,"parent":2738,"menu_order":0,"comment_status":"closed","ping_status":"closed","template":"","meta":{"_acf_changed":false,"footnotes":""},"class_list":["post-3225","page","type-page","status-publish","hentry"],"acf":[],"_links":{"self":[{"href":"https:\/\/blashaus.ch\/en\/wp-json\/wp\/v2\/pages\/3225","targetHints":{"allow":["GET"]}}],"collection":[{"href":"https:\/\/blashaus.ch\/en\/wp-json\/wp\/v2\/pages"}],"about":[{"href":"https:\/\/blashaus.ch\/en\/wp-json\/wp\/v2\/types\/page"}],"author":[{"embeddable":true,"href":"https:\/\/blashaus.ch\/en\/wp-json\/wp\/v2\/users\/2"}],"replies":[{"embeddable":true,"href":"https:\/\/blashaus.ch\/en\/wp-json\/wp\/v2\/comments?post=3225"}],"version-history":[{"count":0,"href":"https:\/\/blashaus.ch\/en\/wp-json\/wp\/v2\/pages\/3225\/revisions"}],"up":[{"embeddable":true,"href":"https:\/\/blashaus.ch\/en\/wp-json\/wp\/v2\/pages\/2738"}],"wp:attachment":[{"href":"https:\/\/blashaus.ch\/en\/wp-json\/wp\/v2\/media?parent=3225"}],"curies":[{"name":"wp","href":"https:\/\/api.w.org\/{rel}","templated":true}]}}