{"id":4411,"date":"2019-02-05T10:42:09","date_gmt":"2019-02-05T09:42:09","guid":{"rendered":"https:\/\/blashaus.ch\/?page_id=4411"},"modified":"2021-10-13T16:53:22","modified_gmt":"2021-10-13T14:53:22","slug":"exclusive","status":"publish","type":"page","link":"https:\/\/blashaus.ch\/en\/exclusive\/","title":{"rendered":"Blashaus Exclusive"},"content":{"rendered":"","protected":false},"excerpt":{"rendered":"<p>Blashaus Exklusiv Produkte sind spezifische Verbesserungen von funktionalen oder akustischen Problemen. Jahrelanges kreatives Experimentieren in unserer Werkstatt hat zu technisch ausgereiften L\u00f6sungen gef\u00fchrt, welche die Instrumentalisten\/innen nachhaltig in ihrem individuellen Ausdruck unterst\u00fctzen oder das Handling massgeblich vereinfachen. Blashaus Exklusiv steht f\u00fcr optisch wie technisch optimierte Produkte die von uns in h\u00f6chster Qualit\u00e4t in eigener Werkstatt gefertigt werden. Qualit\u00e4t die sich auszahlt.<\/p>","protected":false},"author":2,"featured_media":7499,"parent":0,"menu_order":0,"comment_status":"closed","ping_status":"closed","template":"","meta":{"_acf_changed":false,"footnotes":""},"class_list":["post-4411","page","type-page","status-publish","has-post-thumbnail","hentry"],"acf":[],"_links":{"self":[{"href":"https:\/\/blashaus.ch\/en\/wp-json\/wp\/v2\/pages\/4411","targetHints":{"allow":["GET"]}}],"collection":[{"href":"https:\/\/blashaus.ch\/en\/wp-json\/wp\/v2\/pages"}],"about":[{"href":"https:\/\/blashaus.ch\/en\/wp-json\/wp\/v2\/types\/page"}],"author":[{"embeddable":true,"href":"https:\/\/blashaus.ch\/en\/wp-json\/wp\/v2\/users\/2"}],"replies":[{"embeddable":true,"href":"https:\/\/blashaus.ch\/en\/wp-json\/wp\/v2\/comments?post=4411"}],"version-history":[{"count":0,"href":"https:\/\/blashaus.ch\/en\/wp-json\/wp\/v2\/pages\/4411\/revisions"}],"wp:featuredmedia":[{"embeddable":true,"href":"https:\/\/blashaus.ch\/en\/wp-json\/wp\/v2\/media\/7499"}],"wp:attachment":[{"href":"https:\/\/blashaus.ch\/en\/wp-json\/wp\/v2\/media?parent=4411"}],"curies":[{"name":"wp","href":"https:\/\/api.w.org\/{rel}","templated":true}]}}