{"id":16866,"date":"2023-01-05T14:30:03","date_gmt":"2023-01-05T13:30:03","guid":{"rendered":"https:\/\/blashaus.ch\/?post_type=product&#038;p=16866"},"modified":"2025-12-01T21:28:37","modified_gmt":"2025-12-01T20:28:37","slug":"yamaha-81-3","status":"publish","type":"product","link":"https:\/\/blashaus.ch\/en\/shop\/holzblasinstrumente\/querfloete\/yamaha-81-3\/","title":{"rendered":"Querfl\u00f6te Yamaha\u00a081"},"content":{"rendered":"<p>Die Yamaha 81 Total-Revidiert a la BLASHAUS Zollikofen pr\u00e4sentiert sich in neuem Glanz: Mit professionellen S2 Pisoni Polstern ausgestattet (Art der Polster auch bekannt als Straubinger) \u00a0 entfaltet sie eine beeindruckende Klangfarbe und eine spielerische Leichtigkeit. Die \u00a0justierte \u00a0Mechanik und die verbesserte Tonansprache mit den S2 \u00a0Polster von Pisoni verleihen dem Instrument eine bemerkenswerte professionelle Vielseitigkeit. Vollsilber und gel\u00f6tete Kamine geben dem Instrument seine Professionelle Klangf\u00fclle. Wir sind begeistert, wie souver\u00e4n die Yamaha 81 gegen das heutige Topsegment mithalten kann.<\/p>\n<p>Bei der Yamaha 81 handelt es sich um eine Vollsilber Fl\u00f6te inline mit offenen Klappen und C Fuss. Uns w\u00fcrde es freuen das Instrument einem Musiker zum test bereitzulegen.<\/p>\n<p>Das Instrument steht zurzeit im BLASHAUS Zollikofen nahe von Bern. Vereinbaren sie einen Termin um die Yamaha 81 Vollsilber zu testen<\/p>\n<p style=\"text-align: center;\"><strong>4200.-CHF<\/strong><\/p>","protected":false},"excerpt":{"rendered":"<p>Die Yamaha 81 Total-Revidiert a la BLASHAUS Zollikofen pr\u00e4sentiert sich in neuem Glanz: Mit professionellen S2 Pisoni Polstern ausgestattet (Art der Polster auch bekannt als Straubinger) \u00a0 entfaltet sie eine beeindruckende Klangfarbe und eine spielerische Leichtigkeit. Die \u00a0justierte \u00a0Mechanik und die verbesserte Tonansprache mit den S2 \u00a0Polster von Pisoni verleihen dem Instrument eine bemerkenswerte professionelle Vielseitigkeit. Vollsilber und gel\u00f6tete Kamine geben dem Instrument seine Professionelle Klangf\u00fclle. Wir sind begeistert, wie souver\u00e4n die Yamaha 81 gegen das heutige Topsegment mithalten kann.<\/p>\n<p>Bei der Yamaha 81 handelt es sich um eine Vollsilber Fl\u00f6te inline mit offenen Klappen und C Fuss. Uns w\u00fcrde es freuen das Instrument einem Musiker zum test bereitzulegen.<\/p>\n<p>Das Instrument steht zurzeit im BLASHAUS Zollikofen nahe von Bern. Vereinbaren sie einen Termin um die Yamaha 81 Vollsilber zu testen<\/p>\n<p style=\"text-align: center;\"><strong>4200.-CHF<\/strong><\/p>","protected":false},"featured_media":16548,"comment_status":"open","ping_status":"closed","template":"","meta":{"_acf_changed":false},"product_brand":[],"product_cat":[2776],"product_tag":[2860,2859,318,2858,310],"class_list":{"0":"post-16866","1":"product","2":"type-product","3":"status-publish","4":"has-post-thumbnail","6":"product_cat-querfloete","7":"product_tag-c-fuss","8":"product_tag-inline","9":"product_tag-occasion","10":"product_tag-vollsilber","11":"product_tag-yamaha","13":"first","14":"instock","15":"taxable","16":"shipping-taxable","17":"product-type-simple"},"acf":[],"_links":{"self":[{"href":"https:\/\/blashaus.ch\/en\/wp-json\/wp\/v2\/product\/16866","targetHints":{"allow":["GET"]}}],"collection":[{"href":"https:\/\/blashaus.ch\/en\/wp-json\/wp\/v2\/product"}],"about":[{"href":"https:\/\/blashaus.ch\/en\/wp-json\/wp\/v2\/types\/product"}],"replies":[{"embeddable":true,"href":"https:\/\/blashaus.ch\/en\/wp-json\/wp\/v2\/comments?post=16866"}],"version-history":[{"count":5,"href":"https:\/\/blashaus.ch\/en\/wp-json\/wp\/v2\/product\/16866\/revisions"}],"predecessor-version":[{"id":19244,"href":"https:\/\/blashaus.ch\/en\/wp-json\/wp\/v2\/product\/16866\/revisions\/19244"}],"wp:featuredmedia":[{"embeddable":true,"href":"https:\/\/blashaus.ch\/en\/wp-json\/wp\/v2\/media\/16548"}],"wp:attachment":[{"href":"https:\/\/blashaus.ch\/en\/wp-json\/wp\/v2\/media?parent=16866"}],"wp:term":[{"taxonomy":"product_brand","embeddable":true,"href":"https:\/\/blashaus.ch\/en\/wp-json\/wp\/v2\/product_brand?post=16866"},{"taxonomy":"product_cat","embeddable":true,"href":"https:\/\/blashaus.ch\/en\/wp-json\/wp\/v2\/product_cat?post=16866"},{"taxonomy":"product_tag","embeddable":true,"href":"https:\/\/blashaus.ch\/en\/wp-json\/wp\/v2\/product_tag?post=16866"}],"curies":[{"name":"wp","href":"https:\/\/api.w.org\/{rel}","templated":true}]}}