{"id":18376,"date":"2024-02-22T13:33:32","date_gmt":"2024-02-22T12:33:32","guid":{"rendered":"https:\/\/blashaus.ch\/?post_type=product&#038;p=18376"},"modified":"2024-02-22T15:51:38","modified_gmt":"2024-02-22T14:51:38","slug":"selmer-mark-vii-n-300-15","status":"publish","type":"product","link":"https:\/\/blashaus.ch\/en\/shop\/holzblasinstrumente\/saxofone\/tenor-saxofon\/tenor-saxofon-selmer-mark-vii-n-301-613\/","title":{"rendered":"Tenor Saxofon Selmer Mark VII \u2013 N. 301 613"},"content":{"rendered":"","protected":false},"excerpt":{"rendered":"<p>Das Selmer Tenor Mark VII wurde in der Werkstatt total demontiert, gereinigt, Tonl\u00f6cher begradigt sowie s\u00e4mtliche Polster Filze und Korken ersetzt. Hier kriegen Sie f\u00fcr einen moderaten Preis ein phantastisches Instrument in nahezu neuwertigem Zustand, Garantie inbegriffen.<\/p>","protected":false},"featured_media":18381,"comment_status":"open","ping_status":"closed","template":"","meta":{"_acf_changed":false},"product_brand":[],"product_cat":[425],"product_tag":[338,679,554,328,384,340],"class_list":{"0":"post-18376","1":"product","2":"type-product","3":"status-publish","4":"has-post-thumbnail","6":"product_cat-tenor-saxofon","7":"product_tag-raritaet","8":"product_tag-sax","9":"product_tag-saxofon","10":"product_tag-selmer","11":"product_tag-tenor","12":"product_tag-vintage","14":"first","15":"instock","16":"taxable","17":"shipping-taxable","18":"purchasable","19":"product-type-simple"},"acf":[],"_links":{"self":[{"href":"https:\/\/blashaus.ch\/en\/wp-json\/wp\/v2\/product\/18376","targetHints":{"allow":["GET"]}}],"collection":[{"href":"https:\/\/blashaus.ch\/en\/wp-json\/wp\/v2\/product"}],"about":[{"href":"https:\/\/blashaus.ch\/en\/wp-json\/wp\/v2\/types\/product"}],"replies":[{"embeddable":true,"href":"https:\/\/blashaus.ch\/en\/wp-json\/wp\/v2\/comments?post=18376"}],"version-history":[{"count":0,"href":"https:\/\/blashaus.ch\/en\/wp-json\/wp\/v2\/product\/18376\/revisions"}],"wp:featuredmedia":[{"embeddable":true,"href":"https:\/\/blashaus.ch\/en\/wp-json\/wp\/v2\/media\/18381"}],"wp:attachment":[{"href":"https:\/\/blashaus.ch\/en\/wp-json\/wp\/v2\/media?parent=18376"}],"wp:term":[{"taxonomy":"product_brand","embeddable":true,"href":"https:\/\/blashaus.ch\/en\/wp-json\/wp\/v2\/product_brand?post=18376"},{"taxonomy":"product_cat","embeddable":true,"href":"https:\/\/blashaus.ch\/en\/wp-json\/wp\/v2\/product_cat?post=18376"},{"taxonomy":"product_tag","embeddable":true,"href":"https:\/\/blashaus.ch\/en\/wp-json\/wp\/v2\/product_tag?post=18376"}],"curies":[{"name":"wp","href":"https:\/\/api.w.org\/{rel}","templated":true}]}}