{"id":18403,"date":"2024-02-22T14:38:40","date_gmt":"2024-02-22T13:38:40","guid":{"rendered":"https:\/\/blashaus.ch\/?post_type=product&#038;p=18403"},"modified":"2025-07-01T09:57:38","modified_gmt":"2025-07-01T07:57:38","slug":"sopran-saxofon-yanagisawa-wo1","status":"publish","type":"product","link":"https:\/\/blashaus.ch\/en\/shop\/holzblasinstrumente\/saxofone\/sopran-saxofon\/sopran-saxofon-yanagisawa-wo1\/","title":{"rendered":"Sopran Saxofon Yanagisawa\u00a0WO10 gebogen"},"content":{"rendered":"","protected":false},"excerpt":{"rendered":"<p>Das Yanagisawa WO10 gebogene Sopransaxophon ist unserer Meinung nach das hochwertigste gebogene Saxophon, das es gibt. Es bietet ein sehr gutes Spielgef\u00fchl, f\u00fchlt sich saxofonistisch an und liegt angenehm in der Hand. Durch die gebogene Bauweise h\u00e4ngt es sehr bequem am Gurt und ist vom Ansatzwinkel her sehr angenehm zu spielen. Die Qualit\u00e4t ist ausgezeichnet. Wir empfehlen, wenn jemand auf der Suche ist nach einem Sopran, das Wo10 unbedingt auch zu Testen! Absolut ein Profi-Teil!<\/p>","protected":false},"featured_media":19108,"comment_status":"open","ping_status":"closed","template":"","meta":{"_acf_changed":false},"product_brand":[],"product_cat":[421],"product_tag":[1233,469,679,554,404,866,735,1175,324],"class_list":{"0":"post-18403","1":"product","2":"type-product","3":"status-publish","4":"has-post-thumbnail","6":"product_cat-sopran-saxofon","7":"product_tag-neu","8":"product_tag-neuinstrument","9":"product_tag-sax","10":"product_tag-saxofon","11":"product_tag-saxophon","12":"product_tag-sop","13":"product_tag-sopran","14":"product_tag-yana","15":"product_tag-yanagisawa","17":"first","18":"instock","19":"sale","20":"taxable","21":"shipping-taxable","22":"product-type-simple"},"acf":[],"_links":{"self":[{"href":"https:\/\/blashaus.ch\/en\/wp-json\/wp\/v2\/product\/18403","targetHints":{"allow":["GET"]}}],"collection":[{"href":"https:\/\/blashaus.ch\/en\/wp-json\/wp\/v2\/product"}],"about":[{"href":"https:\/\/blashaus.ch\/en\/wp-json\/wp\/v2\/types\/product"}],"replies":[{"embeddable":true,"href":"https:\/\/blashaus.ch\/en\/wp-json\/wp\/v2\/comments?post=18403"}],"version-history":[{"count":2,"href":"https:\/\/blashaus.ch\/en\/wp-json\/wp\/v2\/product\/18403\/revisions"}],"predecessor-version":[{"id":19111,"href":"https:\/\/blashaus.ch\/en\/wp-json\/wp\/v2\/product\/18403\/revisions\/19111"}],"wp:featuredmedia":[{"embeddable":true,"href":"https:\/\/blashaus.ch\/en\/wp-json\/wp\/v2\/media\/19108"}],"wp:attachment":[{"href":"https:\/\/blashaus.ch\/en\/wp-json\/wp\/v2\/media?parent=18403"}],"wp:term":[{"taxonomy":"product_brand","embeddable":true,"href":"https:\/\/blashaus.ch\/en\/wp-json\/wp\/v2\/product_brand?post=18403"},{"taxonomy":"product_cat","embeddable":true,"href":"https:\/\/blashaus.ch\/en\/wp-json\/wp\/v2\/product_cat?post=18403"},{"taxonomy":"product_tag","embeddable":true,"href":"https:\/\/blashaus.ch\/en\/wp-json\/wp\/v2\/product_tag?post=18403"}],"curies":[{"name":"wp","href":"https:\/\/api.w.org\/{rel}","templated":true}]}}