{"id":19158,"date":"2025-07-01T15:00:57","date_gmt":"2025-07-01T13:00:57","guid":{"rendered":"https:\/\/blashaus.ch\/?post_type=product&#038;p=19158"},"modified":"2025-12-11T12:05:12","modified_gmt":"2025-12-11T11:05:12","slug":"tenor-selmer-super-balanced-action-sn-50xxx","status":"publish","type":"product","link":"https:\/\/blashaus.ch\/en\/shop\/holzblasinstrumente\/saxofone\/tenor-saxofon\/tenor-selmer-super-balanced-action-sn-50xxx\/","title":{"rendered":"Tenor Selmer\u00a0Super Balanced Action &#8211; SN. 50xxx"},"content":{"rendered":"<ul>\n<li>Kommissionsverkauf<\/li>\n<li>Substanz sensationell!<\/li>\n<li>silver-plated<\/li>\n<li>Jahr 1953<\/li>\n<li>langer Becher<\/li>\n<\/ul>\n<p>___<\/p>\n<p>1948 brachte Selmer nach dem erfolgreichen Modell des \u201eBalanced Action\u201c das sogenannte \u201eSuper Action\u201c auf den Markt, landl\u00e4ufig Selmer \u201eSuper Balanced Action\u201c genannt. Als absolute Neuheit verf\u00fcgte das Saxofon \u00fcber einen geschraubten und somit abnehmbaren Becher. Damit liess es sich vollst\u00e4ndig demontieren, Becher und Korpus konnten bei Sturzsch\u00e4den und Revisionen separat bearbeitet und gerichtet werden. Auch die Reinigung und Politur von versilberten Instrumenten wurde somit massiv erleichtert. Das SBA geh\u00f6rt zu den gesuchtesten Rarit\u00e4ten, vielleicht auch weil Selmer bereits 1954 eine neue Serie auf den Markt brachte, der zum riesigen Hit und Dauerbrenner wurde: das Modell Mark VI.<\/p>","protected":false},"excerpt":{"rendered":"<ul>\n<li>Kommissionsverkauf<\/li>\n<li>Substanz sensationell!<\/li>\n<li>silver-plated<\/li>\n<li>Jahr 1953<\/li>\n<li>langer Becher<\/li>\n<\/ul>\n<p>______<\/p>\n<p>1948 brachte Selmer nach dem erfolgreichen Modell des \u201eBalanced Action\u201c das sogenannte \u201eSuper Action\u201c auf den Markt, landl\u00e4ufig Selmer \u201eSuper Balanced Action\u201c genannt. Als absolute Neuheit verf\u00fcgte das Saxofon \u00fcber einen geschraubten und somit abnehmbaren Becher. Damit liess es sich vollst\u00e4ndig demontieren, Becher und Korpus konnten bei Sturzsch\u00e4den und Revisionen separat bearbeitet und gerichtet werden. Auch die Reinigung und Politur von versilberten Instrumenten wurde somit massiv erleichtert. Das SBA geh\u00f6rt zu den gesuchtesten Rarit\u00e4ten, vielleicht auch weil Selmer bereits 1954 eine neue Serie auf den Markt brachte, der zum riesigen Hit und Dauerbrenner wurde: das Modell Mark VI.<\/p>","protected":false},"featured_media":19159,"comment_status":"open","ping_status":"closed","template":"","meta":{"_acf_changed":false},"product_brand":[],"product_cat":[425],"product_tag":[338,679,1129,328,1131,384,677,340],"class_list":{"0":"post-19158","1":"product","2":"type-product","3":"status-publish","4":"has-post-thumbnail","6":"product_cat-tenor-saxofon","7":"product_tag-raritaet","8":"product_tag-sax","9":"product_tag-sba","10":"product_tag-selmer","11":"product_tag-super-balanced-action","12":"product_tag-tenor","13":"product_tag-tenor-sax","14":"product_tag-vintage","16":"first","17":"instock","18":"taxable","19":"shipping-taxable","20":"product-type-simple"},"acf":[],"_links":{"self":[{"href":"https:\/\/blashaus.ch\/en\/wp-json\/wp\/v2\/product\/19158","targetHints":{"allow":["GET"]}}],"collection":[{"href":"https:\/\/blashaus.ch\/en\/wp-json\/wp\/v2\/product"}],"about":[{"href":"https:\/\/blashaus.ch\/en\/wp-json\/wp\/v2\/types\/product"}],"replies":[{"embeddable":true,"href":"https:\/\/blashaus.ch\/en\/wp-json\/wp\/v2\/comments?post=19158"}],"version-history":[{"count":2,"href":"https:\/\/blashaus.ch\/en\/wp-json\/wp\/v2\/product\/19158\/revisions"}],"predecessor-version":[{"id":19176,"href":"https:\/\/blashaus.ch\/en\/wp-json\/wp\/v2\/product\/19158\/revisions\/19176"}],"wp:featuredmedia":[{"embeddable":true,"href":"https:\/\/blashaus.ch\/en\/wp-json\/wp\/v2\/media\/19159"}],"wp:attachment":[{"href":"https:\/\/blashaus.ch\/en\/wp-json\/wp\/v2\/media?parent=19158"}],"wp:term":[{"taxonomy":"product_brand","embeddable":true,"href":"https:\/\/blashaus.ch\/en\/wp-json\/wp\/v2\/product_brand?post=19158"},{"taxonomy":"product_cat","embeddable":true,"href":"https:\/\/blashaus.ch\/en\/wp-json\/wp\/v2\/product_cat?post=19158"},{"taxonomy":"product_tag","embeddable":true,"href":"https:\/\/blashaus.ch\/en\/wp-json\/wp\/v2\/product_tag?post=19158"}],"curies":[{"name":"wp","href":"https:\/\/api.w.org\/{rel}","templated":true}]}}