{"id":3032,"date":"2018-04-17T10:51:03","date_gmt":"2018-04-17T08:51:03","guid":{"rendered":"https:\/\/blashaus.ch\/?post_type=product&#038;p=3032"},"modified":"2023-09-21T14:02:14","modified_gmt":"2023-09-21T12:02:14","slug":"yamaha-yas-280","status":"publish","type":"product","link":"https:\/\/blashaus.ch\/en\/shop\/holzblasinstrumente\/saxofone\/alto-saxofon\/yamaha-yas-280\/","title":{"rendered":"Alto Saxofon Yamaha\u00a0YAS-280 (neu)"},"content":{"rendered":"","protected":false},"excerpt":{"rendered":"<p>Das Yamaha YAS-280-Saxophon erm\u00f6glicht einen perfekten Start, da es speziell f\u00fcr junge Anf\u00e4ngerInnen konzipiert wurde. Es ist relativ leicht im Gewicht und hat eine besonders ergonomische Form, wodurch es sich gut halten und spielen l\u00e4sst. Das Design des YAS-280 erm\u00f6glicht Einsteigern eine optimale Unterst\u00fctzung und f\u00f6rdert sowohl den Lernprozess der Sch\u00fcler als auch ihre Kreativit\u00e4t. Die YAS\/YTS-280-Saxophone basieren auf der beliebten 275er-Serie, warten jedoch mit einigen zus\u00e4tzlichen Neuerungen wie einer stabileren S-Bogen-Aufnahme sowie einer neuen tief H-C#-Verbindung f\u00fcr eine pr\u00e4zisere Einstellung auf.<\/p>\n<p>&nbsp;<\/p>","protected":false},"featured_media":90,"comment_status":"open","ping_status":"closed","template":"","meta":{"_acf_changed":false},"product_brand":[],"product_cat":[417],"product_tag":[469,312,316,310],"class_list":{"0":"post-3032","1":"product","2":"type-product","3":"status-publish","4":"has-post-thumbnail","6":"product_cat-alto-saxofon","7":"product_tag-neuinstrument","8":"product_tag-schuelerinstrument","9":"product_tag-vorfuehrmodell","10":"product_tag-yamaha","12":"first","13":"instock","14":"taxable","15":"shipping-taxable","16":"product-type-simple"},"acf":[],"_links":{"self":[{"href":"https:\/\/blashaus.ch\/en\/wp-json\/wp\/v2\/product\/3032","targetHints":{"allow":["GET"]}}],"collection":[{"href":"https:\/\/blashaus.ch\/en\/wp-json\/wp\/v2\/product"}],"about":[{"href":"https:\/\/blashaus.ch\/en\/wp-json\/wp\/v2\/types\/product"}],"replies":[{"embeddable":true,"href":"https:\/\/blashaus.ch\/en\/wp-json\/wp\/v2\/comments?post=3032"}],"version-history":[{"count":0,"href":"https:\/\/blashaus.ch\/en\/wp-json\/wp\/v2\/product\/3032\/revisions"}],"wp:featuredmedia":[{"embeddable":true,"href":"https:\/\/blashaus.ch\/en\/wp-json\/wp\/v2\/media\/90"}],"wp:attachment":[{"href":"https:\/\/blashaus.ch\/en\/wp-json\/wp\/v2\/media?parent=3032"}],"wp:term":[{"taxonomy":"product_brand","embeddable":true,"href":"https:\/\/blashaus.ch\/en\/wp-json\/wp\/v2\/product_brand?post=3032"},{"taxonomy":"product_cat","embeddable":true,"href":"https:\/\/blashaus.ch\/en\/wp-json\/wp\/v2\/product_cat?post=3032"},{"taxonomy":"product_tag","embeddable":true,"href":"https:\/\/blashaus.ch\/en\/wp-json\/wp\/v2\/product_tag?post=3032"}],"curies":[{"name":"wp","href":"https:\/\/api.w.org\/{rel}","templated":true}]}}