{"id":3071,"date":"2018-04-17T15:09:29","date_gmt":"2018-04-17T13:09:29","guid":{"rendered":"https:\/\/blashaus.ch\/?post_type=product&#038;p=3071"},"modified":"2023-06-14T16:31:29","modified_gmt":"2023-06-14T14:31:29","slug":"martin-commitee-ii","status":"publish","type":"product","link":"https:\/\/blashaus.ch\/en\/shop\/holzblasinstrumente\/saxofone\/tenor-saxofon\/martin-commitee-ii\/","title":{"rendered":"Tenor Saxofon Martin\u00a0Handcraft &#8222;Committee II&#8220; &#8211; SN. 138 xxx"},"content":{"rendered":"","protected":false},"excerpt":{"rendered":"<p>Martin Handcraft &#8222;Committee II&#8220; Saxofone oder auch &#8222;Lion and Crown&#8220; &#8211; benannt nach der Gravour &#8211; wurden nur w\u00e4hrend kurzer Zeit gebaut n\u00e4mlich von 1939 &#8211; 1942. Dementsprechend selten sind diese Instrumente zu finden. Sie haben den typischen kr\u00e4ftigen und warmen Sound der Martin Saxofone. Unser Instrument ist in fantastischem Zustand, hat die vielen Jahre ohne Sch\u00e4den und Beulen \u00fcberstanden und wurde in unserer Werkstatt mit viel Liebe und Knowhow <a href=\"https:\/\/blashaus.ch\/en\/wissenswert\/totalrevisionen-restaurationen\/\" target=\"_blank\" rel=\"noopener\">totally revised<\/a>.<\/p>\n<p>&nbsp;<\/p>","protected":false},"featured_media":1499,"comment_status":"open","ping_status":"closed","template":"","meta":{"_acf_changed":false},"product_brand":[],"product_cat":[425],"product_tag":[2587,2589,2585,2591,352,338,340],"class_list":{"0":"post-3071","1":"product","2":"type-product","3":"status-publish","4":"has-post-thumbnail","6":"product_cat-tenor-saxofon","7":"product_tag-committee","8":"product_tag-committee-ii","9":"product_tag-handcraft","10":"product_tag-lion-and-crown","11":"product_tag-martin","12":"product_tag-raritaet","13":"product_tag-vintage","15":"first","16":"instock","17":"taxable","18":"shipping-taxable","19":"product-type-simple"},"acf":[],"_links":{"self":[{"href":"https:\/\/blashaus.ch\/en\/wp-json\/wp\/v2\/product\/3071","targetHints":{"allow":["GET"]}}],"collection":[{"href":"https:\/\/blashaus.ch\/en\/wp-json\/wp\/v2\/product"}],"about":[{"href":"https:\/\/blashaus.ch\/en\/wp-json\/wp\/v2\/types\/product"}],"replies":[{"embeddable":true,"href":"https:\/\/blashaus.ch\/en\/wp-json\/wp\/v2\/comments?post=3071"}],"version-history":[{"count":0,"href":"https:\/\/blashaus.ch\/en\/wp-json\/wp\/v2\/product\/3071\/revisions"}],"wp:featuredmedia":[{"embeddable":true,"href":"https:\/\/blashaus.ch\/en\/wp-json\/wp\/v2\/media\/1499"}],"wp:attachment":[{"href":"https:\/\/blashaus.ch\/en\/wp-json\/wp\/v2\/media?parent=3071"}],"wp:term":[{"taxonomy":"product_brand","embeddable":true,"href":"https:\/\/blashaus.ch\/en\/wp-json\/wp\/v2\/product_brand?post=3071"},{"taxonomy":"product_cat","embeddable":true,"href":"https:\/\/blashaus.ch\/en\/wp-json\/wp\/v2\/product_cat?post=3071"},{"taxonomy":"product_tag","embeddable":true,"href":"https:\/\/blashaus.ch\/en\/wp-json\/wp\/v2\/product_tag?post=3071"}],"curies":[{"name":"wp","href":"https:\/\/api.w.org\/{rel}","templated":true}]}}