{"id":3333,"date":"2018-05-03T10:43:01","date_gmt":"2018-05-03T08:43:01","guid":{"rendered":"https:\/\/blashaus.ch\/?post_type=product&#038;p=3333"},"modified":"2025-12-13T10:36:25","modified_gmt":"2025-12-13T09:36:25","slug":"yamaha-yas-62-3","status":"publish","type":"product","link":"https:\/\/blashaus.ch\/en\/shop\/holzblasinstrumente\/saxofone\/alto-saxofon\/yamaha-yas-62-3\/","title":{"rendered":"Alto Saxofon Yamaha YAS-62 (neu)"},"content":{"rendered":"","protected":false},"excerpt":{"rendered":"<p>Die neue 62-er Serie beh\u00e4lt ihre sprichw\u00f6rtliche Qualit\u00e4t der Intonation, Ausgeglichenheit und Flexibilit\u00e4t, gewinnt durch den neuen S-Bogen aber mehr Farbe und Resonanz im Klang und gr\u00f6\u00dfere musikalische Ausdrucksf\u00e4higkeit. Die 62-er Serie ist perfekt f\u00fcr Musiker, die ein vielseitiges Saxophon f\u00fcr jede Art von Musik suchen.<\/p>\n<p>We give a 2-year guarantee on all new instruments and a free adjustment service.<\/p>\n<p>Vereinbaren sie einen Termin im Blashaus Zollikofen nahe von Bern oder in Luzern um unverbindlich zu testen.<\/p>","protected":false},"featured_media":3606,"comment_status":"open","ping_status":"closed","template":"","meta":{"_acf_changed":false},"product_brand":[],"product_cat":[417],"product_tag":[1260,469,1235,310,501,1933],"class_list":{"0":"post-3333","1":"product","2":"type-product","3":"status-publish","4":"has-post-thumbnail","6":"product_cat-alto-saxofon","7":"product_tag-1260","8":"product_tag-neuinstrument","9":"product_tag-yam","10":"product_tag-yamaha","11":"product_tag-yas","12":"product_tag-yas-62","14":"first","15":"instock","16":"taxable","17":"shipping-taxable","18":"product-type-simple"},"acf":[],"_links":{"self":[{"href":"https:\/\/blashaus.ch\/en\/wp-json\/wp\/v2\/product\/3333","targetHints":{"allow":["GET"]}}],"collection":[{"href":"https:\/\/blashaus.ch\/en\/wp-json\/wp\/v2\/product"}],"about":[{"href":"https:\/\/blashaus.ch\/en\/wp-json\/wp\/v2\/types\/product"}],"replies":[{"embeddable":true,"href":"https:\/\/blashaus.ch\/en\/wp-json\/wp\/v2\/comments?post=3333"}],"version-history":[{"count":2,"href":"https:\/\/blashaus.ch\/en\/wp-json\/wp\/v2\/product\/3333\/revisions"}],"predecessor-version":[{"id":19250,"href":"https:\/\/blashaus.ch\/en\/wp-json\/wp\/v2\/product\/3333\/revisions\/19250"}],"wp:featuredmedia":[{"embeddable":true,"href":"https:\/\/blashaus.ch\/en\/wp-json\/wp\/v2\/media\/3606"}],"wp:attachment":[{"href":"https:\/\/blashaus.ch\/en\/wp-json\/wp\/v2\/media?parent=3333"}],"wp:term":[{"taxonomy":"product_brand","embeddable":true,"href":"https:\/\/blashaus.ch\/en\/wp-json\/wp\/v2\/product_brand?post=3333"},{"taxonomy":"product_cat","embeddable":true,"href":"https:\/\/blashaus.ch\/en\/wp-json\/wp\/v2\/product_cat?post=3333"},{"taxonomy":"product_tag","embeddable":true,"href":"https:\/\/blashaus.ch\/en\/wp-json\/wp\/v2\/product_tag?post=3333"}],"curies":[{"name":"wp","href":"https:\/\/api.w.org\/{rel}","templated":true}]}}