{"id":3429,"date":"2018-05-17T11:29:12","date_gmt":"2018-05-17T09:29:12","guid":{"rendered":"https:\/\/blashaus.ch\/?post_type=product&#038;p=3429"},"modified":"2023-09-21T14:08:37","modified_gmt":"2023-09-21T12:08:37","slug":"yamaha-yas-480","status":"publish","type":"product","link":"https:\/\/blashaus.ch\/en\/shop\/holzblasinstrumente\/saxofone\/alto-saxofon\/yamaha-yas-480\/","title":{"rendered":"Alto Saxofon Yamaha YAS-480 (neu)"},"content":{"rendered":"<p>1509 \/ 15010<\/p>","protected":false},"excerpt":{"rendered":"<p>Durch ein wenig mehr Widerstand erh\u00e4lt das Yamaha YAS-480 einen leicht kernigeren und w\u00e4rmeren Klang als das YAS-280. Ergonomie, Spielbarkeit und Intonation des Instruments sind erstklassig &#8211; wie von Yamaha gewohnt. Die YAS-480 Saxophone basieren auf den beliebten YAS-475 Modellen und verf\u00fcgen \u00fcber eine neue tief H\/C# Verbindung f\u00fcr pr\u00e4zisere Einstellung, w\u00e4hrend die neue Oktavmechanik (von der 62er-Serie) die Verwendung von Custom S-B\u00f6gen erm\u00f6glicht.<\/p>","protected":false},"featured_media":3588,"comment_status":"open","ping_status":"closed","template":"","meta":{"_acf_changed":false},"product_brand":[],"product_cat":[417],"product_tag":[499,410,469,404,310],"class_list":{"0":"post-3429","1":"product","2":"type-product","3":"status-publish","4":"has-post-thumbnail","6":"product_cat-alto-saxofon","7":"product_tag-499","8":"product_tag-alt","9":"product_tag-neuinstrument","10":"product_tag-saxophon","11":"product_tag-yamaha","13":"first","14":"instock","15":"taxable","16":"shipping-taxable","17":"product-type-simple"},"acf":[],"_links":{"self":[{"href":"https:\/\/blashaus.ch\/en\/wp-json\/wp\/v2\/product\/3429","targetHints":{"allow":["GET"]}}],"collection":[{"href":"https:\/\/blashaus.ch\/en\/wp-json\/wp\/v2\/product"}],"about":[{"href":"https:\/\/blashaus.ch\/en\/wp-json\/wp\/v2\/types\/product"}],"replies":[{"embeddable":true,"href":"https:\/\/blashaus.ch\/en\/wp-json\/wp\/v2\/comments?post=3429"}],"version-history":[{"count":0,"href":"https:\/\/blashaus.ch\/en\/wp-json\/wp\/v2\/product\/3429\/revisions"}],"wp:featuredmedia":[{"embeddable":true,"href":"https:\/\/blashaus.ch\/en\/wp-json\/wp\/v2\/media\/3588"}],"wp:attachment":[{"href":"https:\/\/blashaus.ch\/en\/wp-json\/wp\/v2\/media?parent=3429"}],"wp:term":[{"taxonomy":"product_brand","embeddable":true,"href":"https:\/\/blashaus.ch\/en\/wp-json\/wp\/v2\/product_brand?post=3429"},{"taxonomy":"product_cat","embeddable":true,"href":"https:\/\/blashaus.ch\/en\/wp-json\/wp\/v2\/product_cat?post=3429"},{"taxonomy":"product_tag","embeddable":true,"href":"https:\/\/blashaus.ch\/en\/wp-json\/wp\/v2\/product_tag?post=3429"}],"curies":[{"name":"wp","href":"https:\/\/api.w.org\/{rel}","templated":true}]}}