{"id":6017,"date":"2020-03-18T14:56:00","date_gmt":"2020-03-18T13:56:00","guid":{"rendered":"https:\/\/blashaus.ch\/?post_type=product&#038;p=6017"},"modified":"2025-12-15T20:44:10","modified_gmt":"2025-12-15T19:44:10","slug":"yamaha-yts-62-neu","status":"publish","type":"product","link":"https:\/\/blashaus.ch\/en\/shop\/holzblasinstrumente\/saxofone\/tenor-saxofon\/yamaha-yts-62-neu\/","title":{"rendered":"Tenor Saxofon Yamaha YTS-62 (neu)"},"content":{"rendered":"","protected":false},"excerpt":{"rendered":"<p>Die neue Yamaha YTS-62er Serie beh\u00e4lt ihre sprichw\u00f6rtliche Qualit\u00e4t der Intonation, Ausgeglichenheit und Flexibilit\u00e4t, gewinnt durch den neuen S-Bogen aber mehr Farbe und Resonanz im Klang und gr\u00f6\u00dfere musikalische Ausdrucksf\u00e4higkeit. Die 62er Serie ist perfekt f\u00fcr MusikerInnen, die ein vielseitiges Saxophon f\u00fcr jede Art von Musik suchen.<\/p>\n<p>Vereinbare einen Termin im Blashaus Luzern oder im Blashaus Zollikofen nahe von Bern um das Tenor Yamaha 62 zu testen.<\/p>\n<p>&nbsp;<\/p>\n<p>We give a 2-year guarantee on all new instruments and a free adjustment service.<\/p>","protected":false},"featured_media":6018,"comment_status":"open","ping_status":"closed","template":"","meta":{"_acf_changed":false},"product_brand":[],"product_cat":[425],"product_tag":[1260,469,1235,310,501,1933],"class_list":{"0":"post-6017","1":"product","2":"type-product","3":"status-publish","4":"has-post-thumbnail","6":"product_cat-tenor-saxofon","7":"product_tag-1260","8":"product_tag-neuinstrument","9":"product_tag-yam","10":"product_tag-yamaha","11":"product_tag-yas","12":"product_tag-yas-62","14":"first","15":"instock","16":"taxable","17":"shipping-taxable","18":"product-type-simple"},"acf":[],"_links":{"self":[{"href":"https:\/\/blashaus.ch\/en\/wp-json\/wp\/v2\/product\/6017","targetHints":{"allow":["GET"]}}],"collection":[{"href":"https:\/\/blashaus.ch\/en\/wp-json\/wp\/v2\/product"}],"about":[{"href":"https:\/\/blashaus.ch\/en\/wp-json\/wp\/v2\/types\/product"}],"replies":[{"embeddable":true,"href":"https:\/\/blashaus.ch\/en\/wp-json\/wp\/v2\/comments?post=6017"}],"version-history":[{"count":1,"href":"https:\/\/blashaus.ch\/en\/wp-json\/wp\/v2\/product\/6017\/revisions"}],"predecessor-version":[{"id":19256,"href":"https:\/\/blashaus.ch\/en\/wp-json\/wp\/v2\/product\/6017\/revisions\/19256"}],"wp:featuredmedia":[{"embeddable":true,"href":"https:\/\/blashaus.ch\/en\/wp-json\/wp\/v2\/media\/6018"}],"wp:attachment":[{"href":"https:\/\/blashaus.ch\/en\/wp-json\/wp\/v2\/media?parent=6017"}],"wp:term":[{"taxonomy":"product_brand","embeddable":true,"href":"https:\/\/blashaus.ch\/en\/wp-json\/wp\/v2\/product_brand?post=6017"},{"taxonomy":"product_cat","embeddable":true,"href":"https:\/\/blashaus.ch\/en\/wp-json\/wp\/v2\/product_cat?post=6017"},{"taxonomy":"product_tag","embeddable":true,"href":"https:\/\/blashaus.ch\/en\/wp-json\/wp\/v2\/product_tag?post=6017"}],"curies":[{"name":"wp","href":"https:\/\/api.w.org\/{rel}","templated":true}]}}