{"id":6019,"date":"2020-03-18T15:05:42","date_gmt":"2020-03-18T14:05:42","guid":{"rendered":"https:\/\/blashaus.ch\/?post_type=product&#038;p=6019"},"modified":"2024-01-19T14:50:16","modified_gmt":"2024-01-19T13:50:16","slug":"yamaha-yts-280-neu","status":"publish","type":"product","link":"https:\/\/blashaus.ch\/en\/shop\/holzblasinstrumente\/saxofone\/tenor-saxofon\/yamaha-yts-280-neu\/","title":{"rendered":"Tenor Saxofon Yamaha\u00a0YTS-280 (neu)"},"content":{"rendered":"","protected":false},"excerpt":{"rendered":"<p>Das Yamaha YAT-280-Saxophon erm\u00f6glicht einen perfekten Start, da es speziell f\u00fcr junge EinsteigerInnen konzipiert wurde. Es ist relativ leicht im Gewicht und hat eine besonders ergonomische Form, wodurch es sich gut halten und spielen l\u00e4sst. Intonation und Klang sind hervorragend. Das Design des YAT-280 erm\u00f6glicht Anf\u00e4nger eine optimale Unterst\u00fctzung und f\u00f6rdert sowohl den Lernprozess der Sch\u00fclerInnen als auch ihre Kreativit\u00e4t. Die YAS\/YTS-280-Saxophone basieren auf der beliebten 275er-Serie, warten jedoch mit einigen zus\u00e4tzlichen Neuerungen auf wie einer stabileren S-Bogen-Aufnahme sowie einer verbesserten tief H-C#-Verbindung f\u00fcr eine pr\u00e4zisere Einstellung.<\/p>\n<p>We give a 2-year guarantee on all new instruments and a free adjustment service.<\/p>\n<p>&nbsp;<\/p>","protected":false},"featured_media":6020,"comment_status":"open","ping_status":"closed","template":"","meta":{"_acf_changed":false},"product_brand":[],"product_cat":[425],"product_tag":[1937,469,312,316,310,1939],"class_list":{"0":"post-6019","1":"product","2":"type-product","3":"status-publish","4":"has-post-thumbnail","6":"product_cat-tenor-saxofon","7":"product_tag-1937","8":"product_tag-neuinstrument","9":"product_tag-schuelerinstrument","10":"product_tag-vorfuehrmodell","11":"product_tag-yamaha","12":"product_tag-yamaha-280","14":"first","15":"instock","16":"taxable","17":"shipping-taxable","18":"product-type-simple"},"acf":[],"_links":{"self":[{"href":"https:\/\/blashaus.ch\/en\/wp-json\/wp\/v2\/product\/6019","targetHints":{"allow":["GET"]}}],"collection":[{"href":"https:\/\/blashaus.ch\/en\/wp-json\/wp\/v2\/product"}],"about":[{"href":"https:\/\/blashaus.ch\/en\/wp-json\/wp\/v2\/types\/product"}],"replies":[{"embeddable":true,"href":"https:\/\/blashaus.ch\/en\/wp-json\/wp\/v2\/comments?post=6019"}],"version-history":[{"count":0,"href":"https:\/\/blashaus.ch\/en\/wp-json\/wp\/v2\/product\/6019\/revisions"}],"wp:featuredmedia":[{"embeddable":true,"href":"https:\/\/blashaus.ch\/en\/wp-json\/wp\/v2\/media\/6020"}],"wp:attachment":[{"href":"https:\/\/blashaus.ch\/en\/wp-json\/wp\/v2\/media?parent=6019"}],"wp:term":[{"taxonomy":"product_brand","embeddable":true,"href":"https:\/\/blashaus.ch\/en\/wp-json\/wp\/v2\/product_brand?post=6019"},{"taxonomy":"product_cat","embeddable":true,"href":"https:\/\/blashaus.ch\/en\/wp-json\/wp\/v2\/product_cat?post=6019"},{"taxonomy":"product_tag","embeddable":true,"href":"https:\/\/blashaus.ch\/en\/wp-json\/wp\/v2\/product_tag?post=6019"}],"curies":[{"name":"wp","href":"https:\/\/api.w.org\/{rel}","templated":true}]}}